{"id":21369,"date":"2025-09-25T13:28:16","date_gmt":"2025-09-25T13:28:16","guid":{"rendered":"https:\/\/maatene.com\/?post_type=product&#038;p=21369"},"modified":"2025-09-25T13:28:17","modified_gmt":"2025-09-25T13:28:17","slug":"pagne-traditionnel","status":"publish","type":"product","link":"https:\/\/maatene.com\/?product=pagne-traditionnel","title":{"rendered":"Pagne traditionnel"},"content":{"rendered":"<p>Le pagne traditionnel du Burkina Faso est un tissu tiss\u00e9 \u00e0 la main, en coton local, appel\u00e9 <strong data-start=\"99\" data-end=\"118\">\u201cFaso Dan Fani\u201d<\/strong><\/p>\n<ul>\n<li data-start=\"101\" data-end=\"157\">\n<p data-start=\"104\" data-end=\"157\"><strong data-start=\"104\" data-end=\"115\">Mati\u00e8re<\/strong> : coton local, fil\u00e9 et tiss\u00e9 \u00e0 la main.<\/p>\n<\/li>\n<li data-start=\"228\" data-end=\"291\">\n<p data-start=\"231\" data-end=\"291\"><strong data-start=\"231\" data-end=\"244\">Technique<\/strong> : tissage artisanal sur m\u00e9tier traditionnel.<\/p>\n<\/li>\n<li data-start=\"292\" data-end=\"375\">\n<p data-start=\"295\" data-end=\"375\"><strong data-start=\"295\" data-end=\"308\">Structure<\/strong> : bandes \u00e9troites cousues ensemble pour former de larges pi\u00e8ces.<\/p>\n<\/li>\n<li data-start=\"376\" data-end=\"448\">\n<p data-start=\"379\" data-end=\"448\"><strong data-start=\"379\" data-end=\"391\">Couleurs<\/strong> : vives et vari\u00e9es (indigo, blanc, rouge, vert, etc.).<\/p>\n<\/li>\n<li data-start=\"449\" data-end=\"535\">\n<p data-start=\"452\" data-end=\"535\"><strong data-start=\"452\" data-end=\"462\">Motifs<\/strong> : Symboliques, porteurs de significations culturelles.<\/p>\n<\/li>\n<li data-start=\"536\" data-end=\"615\">\n<p data-start=\"539\" data-end=\"615\"><strong data-start=\"539\" data-end=\"548\">Usage<\/strong> : v\u00eatements traditionnels, c\u00e9r\u00e9monies, f\u00eates et vie quotidienne.<\/p>\n<\/li>\n<li data-start=\"616\" data-end=\"688\">\n<p data-start=\"619\" data-end=\"688\"><strong data-start=\"619\" data-end=\"629\">Valeur<\/strong> : symbole d\u2019identit\u00e9, de dignit\u00e9 et de fiert\u00e9 nationale.<\/p>\n<\/li>\n<\/ul>\n","protected":false},"excerpt":{"rendered":"<p>Le pagne traditionnel du Burkina Faso est un tissu tiss\u00e9 \u00e0 la main, en coton local, appel\u00e9 \u201cFaso Dan Fani\u201d Mati\u00e8re : coton local, fil\u00e9 et tiss\u00e9 \u00e0 la main. Technique : tissage artisanal sur m\u00e9tier traditionnel. Structure : bandes \u00e9troites cousues ensemble pour former de larges pi\u00e8ces. Couleurs : vives et vari\u00e9es (indigo, blanc, [&hellip;]<\/p>\n","protected":false},"featured_media":21370,"template":"","meta":{"_bbp_topic_count":0,"_bbp_reply_count":0,"_bbp_total_topic_count":0,"_bbp_total_reply_count":0,"_bbp_voice_count":0,"_bbp_anonymous_reply_count":0,"_bbp_topic_count_hidden":0,"_bbp_reply_count_hidden":0,"_bbp_forum_subforum_count":0,"om_disable_all_campaigns":false,"ngg_post_thumbnail":0},"product_brand":[],"product_cat":[136],"product_tag":[],"class_list":{"0":"post-21369","1":"product","2":"type-product","3":"status-publish","4":"has-post-thumbnail","6":"product_cat-mode","8":"first","9":"instock","10":"shipping-taxable","11":"purchasable","12":"product-type-simple"},"aioseo_notices":[],"_links":{"self":[{"href":"https:\/\/maatene.com\/index.php?rest_route=\/wp\/v2\/product\/21369","targetHints":{"allow":["GET"]}}],"collection":[{"href":"https:\/\/maatene.com\/index.php?rest_route=\/wp\/v2\/product"}],"about":[{"href":"https:\/\/maatene.com\/index.php?rest_route=\/wp\/v2\/types\/product"}],"wp:featuredmedia":[{"embeddable":true,"href":"https:\/\/maatene.com\/index.php?rest_route=\/wp\/v2\/media\/21370"}],"wp:attachment":[{"href":"https:\/\/maatene.com\/index.php?rest_route=%2Fwp%2Fv2%2Fmedia&parent=21369"}],"wp:term":[{"taxonomy":"product_brand","embeddable":true,"href":"https:\/\/maatene.com\/index.php?rest_route=%2Fwp%2Fv2%2Fproduct_brand&post=21369"},{"taxonomy":"product_cat","embeddable":true,"href":"https:\/\/maatene.com\/index.php?rest_route=%2Fwp%2Fv2%2Fproduct_cat&post=21369"},{"taxonomy":"product_tag","embeddable":true,"href":"https:\/\/maatene.com\/index.php?rest_route=%2Fwp%2Fv2%2Fproduct_tag&post=21369"}],"curies":[{"name":"wp","href":"https:\/\/api.w.org\/{rel}","templated":true}]}}