{"id":21362,"date":"2025-09-25T11:11:28","date_gmt":"2025-09-25T11:11:28","guid":{"rendered":"https:\/\/maatene.com\/?post_type=product&#038;p=21362"},"modified":"2025-09-25T11:11:29","modified_gmt":"2025-09-25T11:11:29","slug":"tenue-traditionnelle-majestueuse-en-faso-dan-fani","status":"publish","type":"product","link":"https:\/\/maatene.com\/?product=tenue-traditionnelle-majestueuse-en-faso-dan-fani","title":{"rendered":"Tenue traditionnelle majestueuse en Faso Dan Fani"},"content":{"rendered":"<p data-start=\"175\" data-end=\"429\">Tenue traditionnelle, confectionn\u00e9e en Faso Dan Fani de qualit\u00e9 sup\u00e9rieure. Cet ensemble prestigieux, incarne l\u2019\u00e9l\u00e9gance et l\u2019autorit\u00e9 des grandes c\u00e9r\u00e9monies traditionnelles.<\/p>\n<p data-start=\"431\" data-end=\"455\"><strong data-start=\"431\" data-end=\"453\">Caract\u00e9ristiques :<\/strong><\/p>\n<ul data-start=\"456\" data-end=\"831\">\n<li data-start=\"456\" data-end=\"558\">\n<p data-start=\"458\" data-end=\"558\"><strong data-start=\"458\" data-end=\"475\">Composition :<\/strong> grand boubou ample, pantalon assorti et chapeau traditionnel<\/p>\n<\/li>\n<li data-start=\"559\" data-end=\"609\">\n<p data-start=\"561\" data-end=\"609\"><strong data-start=\"561\" data-end=\"574\">Mati\u00e8re :<\/strong> coton tiss\u00e9 main (Faso Dan Fani)<\/p>\n<\/li>\n<li data-start=\"610\" data-end=\"714\">\n<p data-start=\"612\" data-end=\"714\"><strong data-start=\"612\" data-end=\"624\">Motifs :<\/strong> broderies g\u00e9om\u00e9triques raffin\u00e9es sur le plastron<\/p>\n<\/li>\n<li data-start=\"610\" data-end=\"714\"><strong data-start=\"750\" data-end=\"761\">Usage :<\/strong> c\u00e9r\u00e9monies coutumi\u00e8res, mariages, \u00e9v\u00e9nements officiels et culturels<\/li>\n<\/ul>\n","protected":false},"excerpt":{"rendered":"<p>Tenue traditionnelle, confectionn\u00e9e en Faso Dan Fani de qualit\u00e9 sup\u00e9rieure. Cet ensemble prestigieux, incarne l\u2019\u00e9l\u00e9gance et l\u2019autorit\u00e9 des grandes c\u00e9r\u00e9monies traditionnelles. Caract\u00e9ristiques : Composition : grand boubou ample, pantalon assorti et chapeau traditionnel Mati\u00e8re : coton tiss\u00e9 main (Faso Dan Fani) Motifs : broderies g\u00e9om\u00e9triques raffin\u00e9es sur le plastron Usage : c\u00e9r\u00e9monies coutumi\u00e8res, mariages, \u00e9v\u00e9nements [&hellip;]<\/p>\n","protected":false},"featured_media":21363,"template":"","meta":{"_bbp_topic_count":0,"_bbp_reply_count":0,"_bbp_total_topic_count":0,"_bbp_total_reply_count":0,"_bbp_voice_count":0,"_bbp_anonymous_reply_count":0,"_bbp_topic_count_hidden":0,"_bbp_reply_count_hidden":0,"_bbp_forum_subforum_count":0,"om_disable_all_campaigns":false,"ngg_post_thumbnail":0},"product_brand":[],"product_cat":[136],"product_tag":[],"class_list":{"0":"post-21362","1":"product","2":"type-product","3":"status-publish","4":"has-post-thumbnail","6":"product_cat-mode","8":"first","9":"instock","10":"shipping-taxable","11":"purchasable","12":"product-type-simple"},"aioseo_notices":[],"_links":{"self":[{"href":"https:\/\/maatene.com\/index.php?rest_route=\/wp\/v2\/product\/21362","targetHints":{"allow":["GET"]}}],"collection":[{"href":"https:\/\/maatene.com\/index.php?rest_route=\/wp\/v2\/product"}],"about":[{"href":"https:\/\/maatene.com\/index.php?rest_route=\/wp\/v2\/types\/product"}],"wp:featuredmedia":[{"embeddable":true,"href":"https:\/\/maatene.com\/index.php?rest_route=\/wp\/v2\/media\/21363"}],"wp:attachment":[{"href":"https:\/\/maatene.com\/index.php?rest_route=%2Fwp%2Fv2%2Fmedia&parent=21362"}],"wp:term":[{"taxonomy":"product_brand","embeddable":true,"href":"https:\/\/maatene.com\/index.php?rest_route=%2Fwp%2Fv2%2Fproduct_brand&post=21362"},{"taxonomy":"product_cat","embeddable":true,"href":"https:\/\/maatene.com\/index.php?rest_route=%2Fwp%2Fv2%2Fproduct_cat&post=21362"},{"taxonomy":"product_tag","embeddable":true,"href":"https:\/\/maatene.com\/index.php?rest_route=%2Fwp%2Fv2%2Fproduct_tag&post=21362"}],"curies":[{"name":"wp","href":"https:\/\/api.w.org\/{rel}","templated":true}]}}