{"id":19958,"date":"2025-04-17T12:17:34","date_gmt":"2025-04-17T12:17:34","guid":{"rendered":"https:\/\/maatene.com\/?post_type=product&#038;p=19958"},"modified":"2025-04-17T12:23:46","modified_gmt":"2025-04-17T12:23:46","slug":"boucle-doreille","status":"publish","type":"product","link":"https:\/\/maatene.com\/?product=boucle-doreille","title":{"rendered":"boucle d&#8217;oreille"},"content":{"rendered":"<p>Boucles d\u2019oreilles en bronze, fa\u00e7onn\u00e9es \u00e0 la main avec soin. Leur design \u00e9pur\u00e9 m\u00eale tradition et \u00e9l\u00e9gance, offrant une touche artisanale authentique \u00e0 toute tenue. Chaque paire est unique, reflet du savoir-faire et de la richesse culturelle du Burkina Faso.<\/p>\n","protected":false},"excerpt":{"rendered":"<p>Boucles d\u2019oreilles en bronze, fa\u00e7onn\u00e9es \u00e0 la main avec soin. Leur design \u00e9pur\u00e9 m\u00eale tradition et \u00e9l\u00e9gance, offrant une touche artisanale authentique \u00e0 toute tenue. Chaque paire est unique, reflet du savoir-faire et de la richesse culturelle du Burkina Faso.<\/p>\n","protected":false},"featured_media":19961,"template":"","meta":{"_bbp_topic_count":0,"_bbp_reply_count":0,"_bbp_total_topic_count":0,"_bbp_total_reply_count":0,"_bbp_voice_count":0,"_bbp_anonymous_reply_count":0,"_bbp_topic_count_hidden":0,"_bbp_reply_count_hidden":0,"_bbp_forum_subforum_count":0,"om_disable_all_campaigns":false,"ngg_post_thumbnail":0},"product_brand":[],"product_cat":[136],"product_tag":[139,137,138],"class_list":{"0":"post-19958","1":"product","2":"type-product","3":"status-publish","4":"has-post-thumbnail","6":"product_cat-mode","7":"product_tag-beaute","8":"product_tag-boucle","9":"product_tag-mode","11":"first","12":"instock","13":"shipping-taxable","14":"purchasable","15":"product-type-simple"},"aioseo_notices":[],"_links":{"self":[{"href":"https:\/\/maatene.com\/index.php?rest_route=\/wp\/v2\/product\/19958","targetHints":{"allow":["GET"]}}],"collection":[{"href":"https:\/\/maatene.com\/index.php?rest_route=\/wp\/v2\/product"}],"about":[{"href":"https:\/\/maatene.com\/index.php?rest_route=\/wp\/v2\/types\/product"}],"wp:featuredmedia":[{"embeddable":true,"href":"https:\/\/maatene.com\/index.php?rest_route=\/wp\/v2\/media\/19961"}],"wp:attachment":[{"href":"https:\/\/maatene.com\/index.php?rest_route=%2Fwp%2Fv2%2Fmedia&parent=19958"}],"wp:term":[{"taxonomy":"product_brand","embeddable":true,"href":"https:\/\/maatene.com\/index.php?rest_route=%2Fwp%2Fv2%2Fproduct_brand&post=19958"},{"taxonomy":"product_cat","embeddable":true,"href":"https:\/\/maatene.com\/index.php?rest_route=%2Fwp%2Fv2%2Fproduct_cat&post=19958"},{"taxonomy":"product_tag","embeddable":true,"href":"https:\/\/maatene.com\/index.php?rest_route=%2Fwp%2Fv2%2Fproduct_tag&post=19958"}],"curies":[{"name":"wp","href":"https:\/\/api.w.org\/{rel}","templated":true}]}}