{"id":19890,"date":"2025-04-03T16:03:47","date_gmt":"2025-04-03T16:03:47","guid":{"rendered":"https:\/\/maatene.com\/?page_id=19890"},"modified":"2025-04-29T16:22:23","modified_gmt":"2025-04-29T16:22:23","slug":"evenements","status":"publish","type":"page","link":"https:\/\/maatene.com\/?page_id=19890","title":{"rendered":"\u00c9v\u00e9nements"},"content":{"rendered":"\t\t<div data-elementor-type=\"wp-page\" data-elementor-id=\"19890\" class=\"elementor elementor-19890\">\n\t\t\t\t<div class=\"elementor-element elementor-element-c80d8ef e-flex e-con-boxed e-con e-parent\" data-id=\"c80d8ef\" data-element_type=\"container\">\n\t\t\t\t\t<div class=\"e-con-inner\">\n\t\t\t\t<div class=\"elementor-element elementor-element-fc06cf3 elementor-widget elementor-widget-ova_events\" data-id=\"fc06cf3\" data-element_type=\"widget\" data-widget_type=\"ova_events.default\">\n\t\t\t\t<div class=\"elementor-widget-container\">\n\t\t\t\t\t\n<div class=\"ovaev-event-element version_2\" >\n\n\t\n\t\t\t<div class=\"title-readmore\">\n\t\t\t\t\t\t\t<h2 class=\"title-event\">\n\t\t\t\t\tZoom sur nos \u00e9v\u00e9nements\t\t\t\t<\/h2>\n\t\t\t\n\t\t\t\t\t\t\t<a href=\"https:\/\/maatene.com\/?post_type=event\" class=\"read-more second_font\">\n\t\t\t\t\tVoir tous nos \u00e9v\u00e9nements\t\t\t\t<\/a>\n\t\t\t\t\t<\/div>\n\t\n\n\t\n\t\t<div class=\"container-event\">\n\t\t\t<div id=\"main-event\" class=\"content-event\">\n\t\t\t\t<div class=\"archive_event col3 vertical\">\n\n\t\t\t\t\t\t\t\t\t\t\t\n<div class=\"ovaev-content\">\n\t<div class=\"type1\">\n\t\t<div class=\"desc\">\n\t\t\t\t<div class=\"event-thumbnail \">\t\n\n\t\t\t<div class=\"date-event\">\n\t\t<span class=\"date\">\n\t\t\t21\t\t<\/span>\n\t\t<span class=\"month\">\n\t\t\tJuil\t\t<\/span>\n\t<\/div>\n\t\t\t<a href=\"https:\/\/maatene.com\/?event=camp-vacances-cua-tin-jeli-transmettre-la-culture-gourmantche-par-la-danse\" aria-label=\"Event Thumbnail\">\n\t\t<img fetchpriority=\"high\" decoding=\"async\" width=\"600\" height=\"400\" src=\"https:\/\/maatene.com\/wp-content\/uploads\/2025\/07\/Visuel-2-600x400.png\" class=\"attachment-ovaev_event_thumbnail size-ovaev_event_thumbnail wp-post-image\" alt=\"\" srcset=\"https:\/\/maatene.com\/wp-content\/uploads\/2025\/07\/Visuel-2-600x400.png 600w, https:\/\/maatene.com\/wp-content\/uploads\/2025\/07\/Visuel-2-450x300.png 450w\" sizes=\"(max-width: 600px) 100vw, 600px\" \/>\t\t\t<\/a>\n\t\t\t<\/div>\n\n\t\t\t<div class=\"event_post\">\n\t\t\t\t\t                <div class=\"meta-event\">\n\t\t\t\t    \n<div class=\"time equal-date\">\n\t<span class=\"icon-time\">\n\t\t<i class=\"fas fa-clock icon_event\" aria-hidden=\"true\"><\/i>\n\t<\/span>\n\t\t\t<span class=\"time-date-child\">\n\t\t\t<span class=\"date-child\">\n\t\t\t\tlun\t\t\t<\/span>\n\t\t\t<span>\n\t\t\t\t14:00\t\t\t<\/span>\n\t\t<\/span>\n\t<\/div>\t<div class=\"venue\">\n\t\t<i class=\"fas fa-map-marker-alt icon_event\" aria-hidden=\"true\"><\/i>\n\t\t<span class=\"number\">\n\t\t\t9GVJ+C99, Wayalguin, Ouagadougou\t\t<\/span>\n\t<\/div>\n\t                <\/div>\t\n\t            \n<h2 class=\"second_font event_title\">\n\t    <a href=\"https:\/\/maatene.com\/?event=camp-vacances-cua-tin-jeli-transmettre-la-culture-gourmantche-par-la-danse\" title=\"Camp Vacances CUA TIN JELI : Transmettre la culture Gourmantch\u00e9 par la danse\">\n    Camp Vacances CUA TIN JELI : Transmettre la culture Gourmantch\u00e9 par la danse\n\t\t\t<\/a>\n\t<\/h2>\t\t\t<\/div>\n\t\t<\/div>\n\t<\/div>\n<\/div>\t\t\t\t\t\t\t\t\t\t\t\n<div class=\"ovaev-content\">\n\t<div class=\"type1\">\n\t\t<div class=\"desc\">\n\t\t\t\t<div class=\"event-thumbnail \">\t\n\n\t\t\t<div class=\"date-event\">\n\t\t<span class=\"date\">\n\t\t\t05\t\t<\/span>\n\t\t<span class=\"month\">\n\t\t\tAvr\t\t<\/span>\n\t<\/div>\n\t\t\t<a href=\"https:\/\/maatene.com\/?event=journee-culturelle-de-la-communaute-des-samba\" aria-label=\"Event Thumbnail\">\n\t\t<img decoding=\"async\" width=\"600\" height=\"400\" src=\"https:\/\/maatene.com\/wp-content\/uploads\/2025\/04\/journee-culturelle-sambla-600x400.jpg\" class=\"attachment-ovaev_event_thumbnail size-ovaev_event_thumbnail wp-post-image\" alt=\"\" srcset=\"https:\/\/maatene.com\/wp-content\/uploads\/2025\/04\/journee-culturelle-sambla-600x400.jpg 600w, https:\/\/maatene.com\/wp-content\/uploads\/2025\/04\/journee-culturelle-sambla-450x300.jpg 450w\" sizes=\"(max-width: 600px) 100vw, 600px\" \/>\t\t\t<\/a>\n\t\t\t<\/div>\n\n\t\t\t<div class=\"event_post\">\n\t\t\t\t\t                <div class=\"meta-event\">\n\t\t\t\t    \n<div class=\"time equal-date\">\n\t<span class=\"icon-time\">\n\t\t<i class=\"fas fa-clock icon_event\" aria-hidden=\"true\"><\/i>\n\t<\/span>\n\t\t\t<span class=\"time-date-child\">\n\t\t\t<span class=\"date-child\">\n\t\t\t\tsam\t\t\t<\/span>\n\t\t\t<span>\n\t\t\t\t08:00\t\t\t<\/span>\n\t\t<\/span>\n\t<\/div>\t<div class=\"venue\">\n\t\t<i class=\"fas fa-map-marker-alt icon_event\" aria-hidden=\"true\"><\/i>\n\t\t<span class=\"number\">\n\t\t\tMus\u00e9e nationale\t\t<\/span>\n\t<\/div>\n\t                <\/div>\t\n\t            \n<h2 class=\"second_font event_title\">\n\t    <a href=\"https:\/\/maatene.com\/?event=journee-culturelle-de-la-communaute-des-samba\" title=\"Journ\u00e9e culturelle de la communaut\u00e9 des samba\">\n    Journ\u00e9e culturelle de la communaut\u00e9 des samba\n\t\t\t<\/a>\n\t<\/h2>\t\t\t<\/div>\n\t\t<\/div>\n\t<\/div>\n<\/div>\t\t\t\t\t\t\t\t\t\t\t\n<div class=\"ovaev-content\">\n\t<div class=\"type1\">\n\t\t<div class=\"desc\">\n\t\t\t\t<div class=\"event-thumbnail \">\t\n\n\t\t\t<div class=\"date-event\">\n\t\t<span class=\"date\">\n\t\t\t02\t\t<\/span>\n\t\t<span class=\"month\">\n\t\t\tMai\t\t<\/span>\n\t<\/div>\n\t\t\t<a href=\"https:\/\/maatene.com\/?event=visites-guidees-des-sites-touristiques-du-sahel\" aria-label=\"Event Thumbnail\">\n\t\t<img decoding=\"async\" width=\"600\" height=\"400\" src=\"https:\/\/maatene.com\/wp-content\/uploads\/2023\/06\/image-600x400.png\" class=\"attachment-ovaev_event_thumbnail size-ovaev_event_thumbnail wp-post-image\" alt=\"\" srcset=\"https:\/\/maatene.com\/wp-content\/uploads\/2023\/06\/image-600x400.png 600w, https:\/\/maatene.com\/wp-content\/uploads\/2023\/06\/image-450x300.png 450w\" sizes=\"(max-width: 600px) 100vw, 600px\" \/>\t\t\t<\/a>\n\t\t\t<\/div>\n\n\t\t\t<div class=\"event_post\">\n\t\t\t\t\t                <div class=\"meta-event\">\n\t\t\t\t    \n<div class=\"time equal-date\">\n\t<span class=\"icon-time\">\n\t\t<i class=\"fas fa-clock icon_event\" aria-hidden=\"true\"><\/i>\n\t<\/span>\n\t\t\t<span class=\"time-date-child\">\n\t\t\t<span class=\"date-child\">\n\t\t\t\tven\t\t\t<\/span>\n\t\t\t<span>\n\t\t\t\t07:00\t\t\t<\/span>\n\t\t<\/span>\n\t<\/div>\t<div class=\"venue\">\n\t\t<i class=\"fas fa-map-marker-alt icon_event\" aria-hidden=\"true\"><\/i>\n\t\t<span class=\"number\">\n\t\t\tOuagadougou, Mus\u00e9e Nationale\t\t<\/span>\n\t<\/div>\n\t                <\/div>\t\n\t            \n<h2 class=\"second_font event_title\">\n\t    <a href=\"https:\/\/maatene.com\/?event=visites-guidees-des-sites-touristiques-du-sahel\" title=\"FOIRE AUX PRODUITS NATURELS LOCAUX\">\n    FOIRE AUX PRODUITS NATURELS LOCAUX\n\t\t\t<\/a>\n\t<\/h2>\t\t\t<\/div>\n\t\t<\/div>\n\t<\/div>\n<\/div>\t\t\t\t\t\n\t\t\t\t<\/div>\n\t\t\t<\/div>\n\t\t<\/div>\n\n\t\n<\/div>\t\t\t\t<\/div>\n\t\t\t\t<\/div>\n\t\t\t\t\t<\/div>\n\t\t\t\t<\/div>\n\t\t\t\t<\/div>\n\t\t","protected":false},"excerpt":{"rendered":"<p>Zoom sur nos \u00e9v\u00e9nements Voir tous nos \u00e9v\u00e9nements 05 Avr sam 08:00 Mus\u00e9e nationale Journ\u00e9e culturelle de la communaut\u00e9 des samba 21 Juin 07:00 &#8211; 20:00 Ouagadougou, Avenu de la paix, BURKINA FASO Ateliers et formations 22 Sep 09:00 &#8211; 16:00 Ouagadougou, Avenu de la paix, BURKINA FASO Rencontres et conf\u00e9rences 14 Mar ven 08:00 [&hellip;]<\/p>\n","protected":false},"author":4,"featured_media":0,"parent":0,"menu_order":0,"comment_status":"closed","ping_status":"closed","template":"","meta":{"_bbp_topic_count":0,"_bbp_reply_count":0,"_bbp_total_topic_count":0,"_bbp_total_reply_count":0,"_bbp_voice_count":0,"_bbp_anonymous_reply_count":0,"_bbp_topic_count_hidden":0,"_bbp_reply_count_hidden":0,"_bbp_forum_subforum_count":0,"om_disable_all_campaigns":false,"ngg_post_thumbnail":0,"footnotes":""},"class_list":["post-19890","page","type-page","status-publish","hentry"],"aioseo_notices":[],"_links":{"self":[{"href":"https:\/\/maatene.com\/index.php?rest_route=\/wp\/v2\/pages\/19890","targetHints":{"allow":["GET"]}}],"collection":[{"href":"https:\/\/maatene.com\/index.php?rest_route=\/wp\/v2\/pages"}],"about":[{"href":"https:\/\/maatene.com\/index.php?rest_route=\/wp\/v2\/types\/page"}],"author":[{"embeddable":true,"href":"https:\/\/maatene.com\/index.php?rest_route=\/wp\/v2\/users\/4"}],"replies":[{"embeddable":true,"href":"https:\/\/maatene.com\/index.php?rest_route=%2Fwp%2Fv2%2Fcomments&post=19890"}],"version-history":[{"count":7,"href":"https:\/\/maatene.com\/index.php?rest_route=\/wp\/v2\/pages\/19890\/revisions"}],"predecessor-version":[{"id":20225,"href":"https:\/\/maatene.com\/index.php?rest_route=\/wp\/v2\/pages\/19890\/revisions\/20225"}],"wp:attachment":[{"href":"https:\/\/maatene.com\/index.php?rest_route=%2Fwp%2Fv2%2Fmedia&parent=19890"}],"curies":[{"name":"wp","href":"https:\/\/api.w.org\/{rel}","templated":true}]}}