{"id":19889,"date":"2025-04-03T16:03:47","date_gmt":"2025-04-03T16:03:47","guid":{"rendered":"https:\/\/maatene.com\/?page_id=19889"},"modified":"2025-09-08T14:29:02","modified_gmt":"2025-09-08T14:29:02","slug":"blog-2","status":"publish","type":"page","link":"https:\/\/maatene.com\/?page_id=19889","title":{"rendered":"Blog"},"content":{"rendered":"\t\t<div data-elementor-type=\"wp-page\" data-elementor-id=\"19889\" class=\"elementor elementor-19889\">\n\t\t\t\t<div class=\"elementor-element elementor-element-2812f37 e-con-full e-flex e-con e-parent\" data-id=\"2812f37\" data-element_type=\"container\">\n\t\t\t\t<div class=\"elementor-element elementor-element-40bf2af elementor-widget elementor-widget-gimont_elementor_blog_modern\" data-id=\"40bf2af\" data-element_type=\"widget\" data-widget_type=\"gimont_elementor_blog_modern.default\">\n\t\t\t\t<div class=\"elementor-widget-container\">\n\t\t\t\t\t\n\t\t\t<ul class=\"ova-blog-modern version_2 column_3\">\n\n\t\t\t  \t\n\t\t\t\t  \t<li class=\"item\">\n\n\t\t\t\t  \t\t\t\t\t\t\t\t  \t<div class=\"media\">\n\t\t\t\t\t\t\t  \t\n\t\t\t\t\t\t\t  \t<div class=\"box-img\">\n\t\t\t\t\t\t\t  \t\t<a href=\"https:\/\/maatene.com\/?p=21839\" rel=\"bookmark\" title=\"Promotion du tourisme : deux concours pour r\u00e9v\u00e9ler le Burkina Faso autrement\">\n\t\t\t\t\t\t\t\t\t  \t<img decoding=\"async\" src=\"https:\/\/maatene.com\/wp-content\/uploads\/2026\/04\/WhatsApp-Image-2026-04-16-at-14.19.18-3-668x520.jpeg\" alt=\"Promotion du tourisme : deux concours pour r\u00e9v\u00e9ler le Burkina Faso autrement\">\n\t\t\t\t\t\t\t\t  \t<\/a>\n\t\t\t\t\t\t\t  \t<\/div>\n\t\t\t\t\t\t  \t<\/div>\n\t\t\t\t\t\t\n\t\t\t\t\t  \t<div class=\"content\">\n\n\t\t\t\t\t  \t\t<ul class=\"post-meta\">\n\n\t\t\t\t\t\t  \t\t\t\t\t\t\t\t\t\t\t<li class=\"item-meta post-date\">\n\t\t\t\t\t\t\t\t\t  \t<span class=\"left date\">\n\t\t\t\t\t\t\t\t\t\t  \t<i aria-hidden=\"true\" class=\"fas fa-calendar-alt\"><\/i>\n\t\t\t\t\t\t\t\t\t  \t<\/span>\n\t\t\t\t\t\t\t\t\t  \t<span class=\"right date\">\n\t\t\t\t\t\t\t\t\t\t  \t<span class=\"date-jMY\">Avr 16, 2026<\/span>\n\t\t\t\t\t\t\t\t\t  \t<\/span>            \n\t\t\t\t\t\t\t\t  \t<\/li>\n\t\t\t\t\t\t\t\t\n\t\t\t\t\t\t\t\t\n\n\t\t\t\t\t\t\t  \t\n\t\t\t\t\t\t  \t<\/ul>\n\n\t\t\t\t\t\t  \t\t\t\t\t\t\t  \n\t\t\t\t\t\t  \t<h2 class=\"post-title\">\n\t\t\t\t\t\t\t  \t<a href=\"https:\/\/maatene.com\/?p=21839\" rel=\"bookmark\" title=\"Promotion du tourisme : deux concours pour r\u00e9v\u00e9ler le Burkina Faso autrement\">\n\t\t\t\t\t\t\t\t\tPromotion du tourisme : deux concours pour r\u00e9v\u00e9ler le Burkina Faso autrement\t\t\t\t\t\t\t  \t<\/a>\n\t\t\t\t\t\t  \t<\/h2>\n\n\t\t\t\t\t\t  \t\t\n\n\t\t\t\t\t\t<\/div>\n\n\t\t\t\t\t\t\n\t\t\t\t\t  \t\t\t\t\t\t  \t\t<a href=\"https:\/\/maatene.com\/?p=21839\">\t\n\t\t\t\t\t\t\t  \t<div class=\"read-more\">\n\t\t\t\t\t\t\t  \t\t<span class=\"text-button\">\n\t\t\t\t\t\t\t\t\t  \tLire plus\t\t\t\t\t\t\t  \t\t<\/span>\n\t\t\t\t\t\t\t  \t\t<i aria-hidden=\"true\" class=\"gimonticon gimonticon-right\"><\/i>\t\t\t\t\t\t\t  \t<\/div>\n\t\t\t\t\t\t\t<\/a>\n\t\t\t\t\t  \t\t\t\t\t\t  \n\t\t\t\t\t<\/li>\t\n\n\t\t\t  \n\t\t\t\t  \t<li class=\"item\">\n\n\t\t\t\t  \t\t\t\t\t\t\t\t  \t<div class=\"media\">\n\t\t\t\t\t\t\t  \t\n\t\t\t\t\t\t\t  \t<div class=\"box-img\">\n\t\t\t\t\t\t\t  \t\t<a href=\"https:\/\/maatene.com\/?p=21836\" rel=\"bookmark\" title=\"Mariages coutumiers et religieux : une reconnaissance d\u00e9sormais encadr\u00e9e par l\u2019\u00e9tat civil\">\n\t\t\t\t\t\t\t\t\t  \t<img decoding=\"async\" src=\"https:\/\/maatene.com\/wp-content\/uploads\/2026\/04\/WhatsApp-Image-2026-04-09-at-16.11.38-668x520.jpeg\" alt=\"Mariages coutumiers et religieux : une reconnaissance d\u00e9sormais encadr\u00e9e par l\u2019\u00e9tat civil\">\n\t\t\t\t\t\t\t\t  \t<\/a>\n\t\t\t\t\t\t\t  \t<\/div>\n\t\t\t\t\t\t  \t<\/div>\n\t\t\t\t\t\t\n\t\t\t\t\t  \t<div class=\"content\">\n\n\t\t\t\t\t  \t\t<ul class=\"post-meta\">\n\n\t\t\t\t\t\t  \t\t\t\t\t\t\t\t\t\t\t<li class=\"item-meta post-date\">\n\t\t\t\t\t\t\t\t\t  \t<span class=\"left date\">\n\t\t\t\t\t\t\t\t\t\t  \t<i aria-hidden=\"true\" class=\"fas fa-calendar-alt\"><\/i>\n\t\t\t\t\t\t\t\t\t  \t<\/span>\n\t\t\t\t\t\t\t\t\t  \t<span class=\"right date\">\n\t\t\t\t\t\t\t\t\t\t  \t<span class=\"date-jMY\">Avr 9, 2026<\/span>\n\t\t\t\t\t\t\t\t\t  \t<\/span>            \n\t\t\t\t\t\t\t\t  \t<\/li>\n\t\t\t\t\t\t\t\t\n\t\t\t\t\t\t\t\t\n\n\t\t\t\t\t\t\t  \t\n\t\t\t\t\t\t  \t<\/ul>\n\n\t\t\t\t\t\t  \t\t\t\t\t\t\t  \n\t\t\t\t\t\t  \t<h2 class=\"post-title\">\n\t\t\t\t\t\t\t  \t<a href=\"https:\/\/maatene.com\/?p=21836\" rel=\"bookmark\" title=\"Mariages coutumiers et religieux : une reconnaissance d\u00e9sormais encadr\u00e9e par l\u2019\u00e9tat civil\">\n\t\t\t\t\t\t\t\t\tMariages coutumiers et religieux : une reconnaissance d\u00e9sormais encadr\u00e9e par l\u2019\u00e9tat civil\t\t\t\t\t\t\t  \t<\/a>\n\t\t\t\t\t\t  \t<\/h2>\n\n\t\t\t\t\t\t  \t\t\n\n\t\t\t\t\t\t<\/div>\n\n\t\t\t\t\t\t\n\t\t\t\t\t  \t\t\t\t\t\t  \t\t<a href=\"https:\/\/maatene.com\/?p=21836\">\t\n\t\t\t\t\t\t\t  \t<div class=\"read-more\">\n\t\t\t\t\t\t\t  \t\t<span class=\"text-button\">\n\t\t\t\t\t\t\t\t\t  \tLire plus\t\t\t\t\t\t\t  \t\t<\/span>\n\t\t\t\t\t\t\t  \t\t<i aria-hidden=\"true\" class=\"gimonticon gimonticon-right\"><\/i>\t\t\t\t\t\t\t  \t<\/div>\n\t\t\t\t\t\t\t<\/a>\n\t\t\t\t\t  \t\t\t\t\t\t  \n\t\t\t\t\t<\/li>\t\n\n\t\t\t  \n\t\t\t\t  \t<li class=\"item\">\n\n\t\t\t\t  \t\t\t\t\t\t\t\t  \t<div class=\"media\">\n\t\t\t\t\t\t\t  \t\n\t\t\t\t\t\t\t  \t<div class=\"box-img\">\n\t\t\t\t\t\t\t  \t\t<a href=\"https:\/\/maatene.com\/?p=21825\" rel=\"bookmark\" title=\"FESTICAS 2026 : Banfora c\u00e9l\u00e8bre huit jours de culture et de traditions\">\n\t\t\t\t\t\t\t\t\t  \t<img decoding=\"async\" src=\"https:\/\/maatene.com\/wp-content\/uploads\/2026\/04\/WhatsApp-Image-2026-04-07-at-17.11.40-2-668x520.jpeg\" alt=\"FESTICAS 2026 : Banfora c\u00e9l\u00e8bre huit jours de culture et de traditions\">\n\t\t\t\t\t\t\t\t  \t<\/a>\n\t\t\t\t\t\t\t  \t<\/div>\n\t\t\t\t\t\t  \t<\/div>\n\t\t\t\t\t\t\n\t\t\t\t\t  \t<div class=\"content\">\n\n\t\t\t\t\t  \t\t<ul class=\"post-meta\">\n\n\t\t\t\t\t\t  \t\t\t\t\t\t\t\t\t\t\t<li class=\"item-meta post-date\">\n\t\t\t\t\t\t\t\t\t  \t<span class=\"left date\">\n\t\t\t\t\t\t\t\t\t\t  \t<i aria-hidden=\"true\" class=\"fas fa-calendar-alt\"><\/i>\n\t\t\t\t\t\t\t\t\t  \t<\/span>\n\t\t\t\t\t\t\t\t\t  \t<span class=\"right date\">\n\t\t\t\t\t\t\t\t\t\t  \t<span class=\"date-jMY\">Avr 7, 2026<\/span>\n\t\t\t\t\t\t\t\t\t  \t<\/span>            \n\t\t\t\t\t\t\t\t  \t<\/li>\n\t\t\t\t\t\t\t\t\n\t\t\t\t\t\t\t\t\n\n\t\t\t\t\t\t\t  \t\n\t\t\t\t\t\t  \t<\/ul>\n\n\t\t\t\t\t\t  \t\t\t\t\t\t\t  \n\t\t\t\t\t\t  \t<h2 class=\"post-title\">\n\t\t\t\t\t\t\t  \t<a href=\"https:\/\/maatene.com\/?p=21825\" rel=\"bookmark\" title=\"FESTICAS 2026 : Banfora c\u00e9l\u00e8bre huit jours de culture et de traditions\">\n\t\t\t\t\t\t\t\t\tFESTICAS 2026 : Banfora c\u00e9l\u00e8bre huit jours de culture et de traditions\t\t\t\t\t\t\t  \t<\/a>\n\t\t\t\t\t\t  \t<\/h2>\n\n\t\t\t\t\t\t  \t\t\n\n\t\t\t\t\t\t<\/div>\n\n\t\t\t\t\t\t\n\t\t\t\t\t  \t\t\t\t\t\t  \t\t<a href=\"https:\/\/maatene.com\/?p=21825\">\t\n\t\t\t\t\t\t\t  \t<div class=\"read-more\">\n\t\t\t\t\t\t\t  \t\t<span class=\"text-button\">\n\t\t\t\t\t\t\t\t\t  \tLire plus\t\t\t\t\t\t\t  \t\t<\/span>\n\t\t\t\t\t\t\t  \t\t<i aria-hidden=\"true\" class=\"gimonticon gimonticon-right\"><\/i>\t\t\t\t\t\t\t  \t<\/div>\n\t\t\t\t\t\t\t<\/a>\n\t\t\t\t\t  \t\t\t\t\t\t  \n\t\t\t\t\t<\/li>\t\n\n\t\t\t  \n\t\t\t\t  \t<li class=\"item\">\n\n\t\t\t\t  \t\t\t\t\t\t\t\t  \t<div class=\"media\">\n\t\t\t\t\t\t\t  \t\n\t\t\t\t\t\t\t  \t<div class=\"box-img\">\n\t\t\t\t\t\t\t  \t\t<a href=\"https:\/\/maatene.com\/?p=21777\" rel=\"bookmark\" title=\"APPEL A CONTRIBUTION : Colloque scientifique international sur la sorcellerie\">\n\t\t\t\t\t\t\t\t\t  \t<img decoding=\"async\" src=\"https:\/\/maatene.com\/wp-content\/uploads\/2026\/02\/OUVERTURE-668x520.jpg\" alt=\"APPEL A CONTRIBUTION : Colloque scientifique international sur la sorcellerie\">\n\t\t\t\t\t\t\t\t  \t<\/a>\n\t\t\t\t\t\t\t  \t<\/div>\n\t\t\t\t\t\t  \t<\/div>\n\t\t\t\t\t\t\n\t\t\t\t\t  \t<div class=\"content\">\n\n\t\t\t\t\t  \t\t<ul class=\"post-meta\">\n\n\t\t\t\t\t\t  \t\t\t\t\t\t\t\t\t\t\t<li class=\"item-meta post-date\">\n\t\t\t\t\t\t\t\t\t  \t<span class=\"left date\">\n\t\t\t\t\t\t\t\t\t\t  \t<i aria-hidden=\"true\" class=\"fas fa-calendar-alt\"><\/i>\n\t\t\t\t\t\t\t\t\t  \t<\/span>\n\t\t\t\t\t\t\t\t\t  \t<span class=\"right date\">\n\t\t\t\t\t\t\t\t\t\t  \t<span class=\"date-jMY\">F\u00e9v 26, 2026<\/span>\n\t\t\t\t\t\t\t\t\t  \t<\/span>            \n\t\t\t\t\t\t\t\t  \t<\/li>\n\t\t\t\t\t\t\t\t\n\t\t\t\t\t\t\t\t\n\n\t\t\t\t\t\t\t  \t\n\t\t\t\t\t\t  \t<\/ul>\n\n\t\t\t\t\t\t  \t\t\t\t\t\t\t  \n\t\t\t\t\t\t  \t<h2 class=\"post-title\">\n\t\t\t\t\t\t\t  \t<a href=\"https:\/\/maatene.com\/?p=21777\" rel=\"bookmark\" title=\"APPEL A CONTRIBUTION : Colloque scientifique international sur la sorcellerie\">\n\t\t\t\t\t\t\t\t\tAPPEL A CONTRIBUTION : Colloque scientifique international sur la sorcellerie\t\t\t\t\t\t\t  \t<\/a>\n\t\t\t\t\t\t  \t<\/h2>\n\n\t\t\t\t\t\t  \t\t\n\n\t\t\t\t\t\t<\/div>\n\n\t\t\t\t\t\t\n\t\t\t\t\t  \t\t\t\t\t\t  \t\t<a href=\"https:\/\/maatene.com\/?p=21777\">\t\n\t\t\t\t\t\t\t  \t<div class=\"read-more\">\n\t\t\t\t\t\t\t  \t\t<span class=\"text-button\">\n\t\t\t\t\t\t\t\t\t  \tLire plus\t\t\t\t\t\t\t  \t\t<\/span>\n\t\t\t\t\t\t\t  \t\t<i aria-hidden=\"true\" class=\"gimonticon gimonticon-right\"><\/i>\t\t\t\t\t\t\t  \t<\/div>\n\t\t\t\t\t\t\t<\/a>\n\t\t\t\t\t  \t\t\t\t\t\t  \n\t\t\t\t\t<\/li>\t\n\n\t\t\t  \n\t\t\t\t  \t<li class=\"item\">\n\n\t\t\t\t  \t\t\t\t\t\t\t\t  \t<div class=\"media\">\n\t\t\t\t\t\t\t  \t\n\t\t\t\t\t\t\t  \t<div class=\"box-img\">\n\t\t\t\t\t\t\t  \t\t<a href=\"https:\/\/maatene.com\/?p=21774\" rel=\"bookmark\" title=\"Sotigui Awards 2026 : Quand le pagne des ann\u00e9es 50, 60 et 70 s\u2019invite sur le tapis rouge\">\n\t\t\t\t\t\t\t\t\t  \t<img decoding=\"async\" src=\"https:\/\/maatene.com\/wp-content\/uploads\/2026\/02\/WhatsApp-Image-2026-02-26-at-4.26.59-PM-668x520.jpeg\" alt=\"Sotigui Awards 2026 : Quand le pagne des ann\u00e9es 50, 60 et 70 s\u2019invite sur le tapis rouge\">\n\t\t\t\t\t\t\t\t  \t<\/a>\n\t\t\t\t\t\t\t  \t<\/div>\n\t\t\t\t\t\t  \t<\/div>\n\t\t\t\t\t\t\n\t\t\t\t\t  \t<div class=\"content\">\n\n\t\t\t\t\t  \t\t<ul class=\"post-meta\">\n\n\t\t\t\t\t\t  \t\t\t\t\t\t\t\t\t\t\t<li class=\"item-meta post-date\">\n\t\t\t\t\t\t\t\t\t  \t<span class=\"left date\">\n\t\t\t\t\t\t\t\t\t\t  \t<i aria-hidden=\"true\" class=\"fas fa-calendar-alt\"><\/i>\n\t\t\t\t\t\t\t\t\t  \t<\/span>\n\t\t\t\t\t\t\t\t\t  \t<span class=\"right date\">\n\t\t\t\t\t\t\t\t\t\t  \t<span class=\"date-jMY\">F\u00e9v 26, 2026<\/span>\n\t\t\t\t\t\t\t\t\t  \t<\/span>            \n\t\t\t\t\t\t\t\t  \t<\/li>\n\t\t\t\t\t\t\t\t\n\t\t\t\t\t\t\t\t\n\n\t\t\t\t\t\t\t  \t\n\t\t\t\t\t\t  \t<\/ul>\n\n\t\t\t\t\t\t  \t\t\t\t\t\t\t  \n\t\t\t\t\t\t  \t<h2 class=\"post-title\">\n\t\t\t\t\t\t\t  \t<a href=\"https:\/\/maatene.com\/?p=21774\" rel=\"bookmark\" title=\"Sotigui Awards 2026 : Quand le pagne des ann\u00e9es 50, 60 et 70 s\u2019invite sur le tapis rouge\">\n\t\t\t\t\t\t\t\t\tSotigui Awards 2026 : Quand le pagne des ann\u00e9es 50, 60 et 70 s\u2019invite sur le tapis rouge\t\t\t\t\t\t\t  \t<\/a>\n\t\t\t\t\t\t  \t<\/h2>\n\n\t\t\t\t\t\t  \t\t\n\n\t\t\t\t\t\t<\/div>\n\n\t\t\t\t\t\t\n\t\t\t\t\t  \t\t\t\t\t\t  \t\t<a href=\"https:\/\/maatene.com\/?p=21774\">\t\n\t\t\t\t\t\t\t  \t<div class=\"read-more\">\n\t\t\t\t\t\t\t  \t\t<span class=\"text-button\">\n\t\t\t\t\t\t\t\t\t  \tLire plus\t\t\t\t\t\t\t  \t\t<\/span>\n\t\t\t\t\t\t\t  \t\t<i aria-hidden=\"true\" class=\"gimonticon gimonticon-right\"><\/i>\t\t\t\t\t\t\t  \t<\/div>\n\t\t\t\t\t\t\t<\/a>\n\t\t\t\t\t  \t\t\t\t\t\t  \n\t\t\t\t\t<\/li>\t\n\n\t\t\t  \n\t\t\t\t  \t<li class=\"item\">\n\n\t\t\t\t  \t\t\t\t\t\t\t\t  \t<div class=\"media\">\n\t\t\t\t\t\t\t  \t\n\t\t\t\t\t\t\t  \t<div class=\"box-img\">\n\t\t\t\t\t\t\t  \t\t<a href=\"https:\/\/maatene.com\/?p=21717\" rel=\"bookmark\" title=\"\u00c0 Boussouma, la question fonci\u00e8re rencontre la chefferie coutumi\u00e8re\">\n\t\t\t\t\t\t\t\t\t  \t<img decoding=\"async\" src=\"https:\/\/maatene.com\/wp-content\/uploads\/2026\/02\/WhatsApp-Image-2026-02-13-at-12.37.57-1-668x520.jpeg\" alt=\"\u00c0 Boussouma, la question fonci\u00e8re rencontre la chefferie coutumi\u00e8re\">\n\t\t\t\t\t\t\t\t  \t<\/a>\n\t\t\t\t\t\t\t  \t<\/div>\n\t\t\t\t\t\t  \t<\/div>\n\t\t\t\t\t\t\n\t\t\t\t\t  \t<div class=\"content\">\n\n\t\t\t\t\t  \t\t<ul class=\"post-meta\">\n\n\t\t\t\t\t\t  \t\t\t\t\t\t\t\t\t\t\t<li class=\"item-meta post-date\">\n\t\t\t\t\t\t\t\t\t  \t<span class=\"left date\">\n\t\t\t\t\t\t\t\t\t\t  \t<i aria-hidden=\"true\" class=\"fas fa-calendar-alt\"><\/i>\n\t\t\t\t\t\t\t\t\t  \t<\/span>\n\t\t\t\t\t\t\t\t\t  \t<span class=\"right date\">\n\t\t\t\t\t\t\t\t\t\t  \t<span class=\"date-jMY\">F\u00e9v 13, 2026<\/span>\n\t\t\t\t\t\t\t\t\t  \t<\/span>            \n\t\t\t\t\t\t\t\t  \t<\/li>\n\t\t\t\t\t\t\t\t\n\t\t\t\t\t\t\t\t\n\n\t\t\t\t\t\t\t  \t\n\t\t\t\t\t\t  \t<\/ul>\n\n\t\t\t\t\t\t  \t\t\t\t\t\t\t  \n\t\t\t\t\t\t  \t<h2 class=\"post-title\">\n\t\t\t\t\t\t\t  \t<a href=\"https:\/\/maatene.com\/?p=21717\" rel=\"bookmark\" title=\"\u00c0 Boussouma, la question fonci\u00e8re rencontre la chefferie coutumi\u00e8re\">\n\t\t\t\t\t\t\t\t\t\u00c0 Boussouma, la question fonci\u00e8re rencontre la chefferie coutumi\u00e8re\t\t\t\t\t\t\t  \t<\/a>\n\t\t\t\t\t\t  \t<\/h2>\n\n\t\t\t\t\t\t  \t\t\n\n\t\t\t\t\t\t<\/div>\n\n\t\t\t\t\t\t\n\t\t\t\t\t  \t\t\t\t\t\t  \t\t<a href=\"https:\/\/maatene.com\/?p=21717\">\t\n\t\t\t\t\t\t\t  \t<div class=\"read-more\">\n\t\t\t\t\t\t\t  \t\t<span class=\"text-button\">\n\t\t\t\t\t\t\t\t\t  \tLire plus\t\t\t\t\t\t\t  \t\t<\/span>\n\t\t\t\t\t\t\t  \t\t<i aria-hidden=\"true\" class=\"gimonticon gimonticon-right\"><\/i>\t\t\t\t\t\t\t  \t<\/div>\n\t\t\t\t\t\t\t<\/a>\n\t\t\t\t\t  \t\t\t\t\t\t  \n\t\t\t\t\t<\/li>\t\n\n\t\t\t  \n\t\t\t\t  \t<li class=\"item\">\n\n\t\t\t\t  \t\t\t\t\t\t\t\t  \t<div class=\"media\">\n\t\t\t\t\t\t\t  \t\n\t\t\t\t\t\t\t  \t<div class=\"box-img\">\n\t\t\t\t\t\t\t  \t\t<a href=\"https:\/\/maatene.com\/?p=21684\" rel=\"bookmark\" title=\"WAABO : (Vient, N\u00e3a, \u2026\u2026) la culture burkinab\u00e8 s\u2019invite \u00e0 tous !\">\n\t\t\t\t\t\t\t\t\t  \t<img decoding=\"async\" src=\"https:\/\/maatene.com\/wp-content\/uploads\/2026\/01\/624548270_929516279756471_8931415051160629165_n-668x520.jpg\" alt=\"WAABO : (Vient, N\u00e3a, \u2026\u2026) la culture burkinab\u00e8 s\u2019invite \u00e0 tous !\">\n\t\t\t\t\t\t\t\t  \t<\/a>\n\t\t\t\t\t\t\t  \t<\/div>\n\t\t\t\t\t\t  \t<\/div>\n\t\t\t\t\t\t\n\t\t\t\t\t  \t<div class=\"content\">\n\n\t\t\t\t\t  \t\t<ul class=\"post-meta\">\n\n\t\t\t\t\t\t  \t\t\t\t\t\t\t\t\t\t\t<li class=\"item-meta post-date\">\n\t\t\t\t\t\t\t\t\t  \t<span class=\"left date\">\n\t\t\t\t\t\t\t\t\t\t  \t<i aria-hidden=\"true\" class=\"fas fa-calendar-alt\"><\/i>\n\t\t\t\t\t\t\t\t\t  \t<\/span>\n\t\t\t\t\t\t\t\t\t  \t<span class=\"right date\">\n\t\t\t\t\t\t\t\t\t\t  \t<span class=\"date-jMY\">Jan 30, 2026<\/span>\n\t\t\t\t\t\t\t\t\t  \t<\/span>            \n\t\t\t\t\t\t\t\t  \t<\/li>\n\t\t\t\t\t\t\t\t\n\t\t\t\t\t\t\t\t\n\n\t\t\t\t\t\t\t  \t\n\t\t\t\t\t\t  \t<\/ul>\n\n\t\t\t\t\t\t  \t\t\t\t\t\t\t  \n\t\t\t\t\t\t  \t<h2 class=\"post-title\">\n\t\t\t\t\t\t\t  \t<a href=\"https:\/\/maatene.com\/?p=21684\" rel=\"bookmark\" title=\"WAABO : (Vient, N\u00e3a, \u2026\u2026) la culture burkinab\u00e8 s\u2019invite \u00e0 tous !\">\n\t\t\t\t\t\t\t\t\tWAABO : (Vient, N\u00e3a, \u2026\u2026) la culture burkinab\u00e8 s\u2019invite \u00e0 tous !\t\t\t\t\t\t\t  \t<\/a>\n\t\t\t\t\t\t  \t<\/h2>\n\n\t\t\t\t\t\t  \t\t\n\n\t\t\t\t\t\t<\/div>\n\n\t\t\t\t\t\t\n\t\t\t\t\t  \t\t\t\t\t\t  \t\t<a href=\"https:\/\/maatene.com\/?p=21684\">\t\n\t\t\t\t\t\t\t  \t<div class=\"read-more\">\n\t\t\t\t\t\t\t  \t\t<span class=\"text-button\">\n\t\t\t\t\t\t\t\t\t  \tLire plus\t\t\t\t\t\t\t  \t\t<\/span>\n\t\t\t\t\t\t\t  \t\t<i aria-hidden=\"true\" class=\"gimonticon gimonticon-right\"><\/i>\t\t\t\t\t\t\t  \t<\/div>\n\t\t\t\t\t\t\t<\/a>\n\t\t\t\t\t  \t\t\t\t\t\t  \n\t\t\t\t\t<\/li>\t\n\n\t\t\t  \n\t\t\t\t  \t<li class=\"item\">\n\n\t\t\t\t  \t\t\t\t\t\t\t\t  \t<div class=\"media\">\n\t\t\t\t\t\t\t  \t\n\t\t\t\t\t\t\t  \t<div class=\"box-img\">\n\t\t\t\t\t\t\t  \t\t<a href=\"https:\/\/maatene.com\/?p=21659\" rel=\"bookmark\" title=\"Vodun Day : c\u00e9l\u00e9bration de la tradition vivante du B\u00e9nin\">\n\t\t\t\t\t\t\t\t\t  \t<img decoding=\"async\" src=\"https:\/\/maatene.com\/wp-content\/uploads\/2026\/01\/WhatsApp-Image-2026-01-10-at-08.31.15-668x520.jpeg\" alt=\"Vodun Day : c\u00e9l\u00e9bration de la tradition vivante du B\u00e9nin\">\n\t\t\t\t\t\t\t\t  \t<\/a>\n\t\t\t\t\t\t\t  \t<\/div>\n\t\t\t\t\t\t  \t<\/div>\n\t\t\t\t\t\t\n\t\t\t\t\t  \t<div class=\"content\">\n\n\t\t\t\t\t  \t\t<ul class=\"post-meta\">\n\n\t\t\t\t\t\t  \t\t\t\t\t\t\t\t\t\t\t<li class=\"item-meta post-date\">\n\t\t\t\t\t\t\t\t\t  \t<span class=\"left date\">\n\t\t\t\t\t\t\t\t\t\t  \t<i aria-hidden=\"true\" class=\"fas fa-calendar-alt\"><\/i>\n\t\t\t\t\t\t\t\t\t  \t<\/span>\n\t\t\t\t\t\t\t\t\t  \t<span class=\"right date\">\n\t\t\t\t\t\t\t\t\t\t  \t<span class=\"date-jMY\">Jan 10, 2026<\/span>\n\t\t\t\t\t\t\t\t\t  \t<\/span>            \n\t\t\t\t\t\t\t\t  \t<\/li>\n\t\t\t\t\t\t\t\t\n\t\t\t\t\t\t\t\t\n\n\t\t\t\t\t\t\t  \t\n\t\t\t\t\t\t  \t<\/ul>\n\n\t\t\t\t\t\t  \t\t\t\t\t\t\t  \n\t\t\t\t\t\t  \t<h2 class=\"post-title\">\n\t\t\t\t\t\t\t  \t<a href=\"https:\/\/maatene.com\/?p=21659\" rel=\"bookmark\" title=\"Vodun Day : c\u00e9l\u00e9bration de la tradition vivante du B\u00e9nin\">\n\t\t\t\t\t\t\t\t\tVodun Day : c\u00e9l\u00e9bration de la tradition vivante du B\u00e9nin\t\t\t\t\t\t\t  \t<\/a>\n\t\t\t\t\t\t  \t<\/h2>\n\n\t\t\t\t\t\t  \t\t\n\n\t\t\t\t\t\t<\/div>\n\n\t\t\t\t\t\t\n\t\t\t\t\t  \t\t\t\t\t\t  \t\t<a href=\"https:\/\/maatene.com\/?p=21659\">\t\n\t\t\t\t\t\t\t  \t<div class=\"read-more\">\n\t\t\t\t\t\t\t  \t\t<span class=\"text-button\">\n\t\t\t\t\t\t\t\t\t  \tLire plus\t\t\t\t\t\t\t  \t\t<\/span>\n\t\t\t\t\t\t\t  \t\t<i aria-hidden=\"true\" class=\"gimonticon gimonticon-right\"><\/i>\t\t\t\t\t\t\t  \t<\/div>\n\t\t\t\t\t\t\t<\/a>\n\t\t\t\t\t  \t\t\t\t\t\t  \n\t\t\t\t\t<\/li>\t\n\n\t\t\t  \n\t\t\t\t  \t<li class=\"item\">\n\n\t\t\t\t  \t\t\t\t\t\t\t\t  \t<div class=\"media\">\n\t\t\t\t\t\t\t  \t\n\t\t\t\t\t\t\t  \t<div class=\"box-img\">\n\t\t\t\t\t\t\t  \t\t<a href=\"https:\/\/maatene.com\/?p=21633\" rel=\"bookmark\" title=\"PERSONNALIT\u00c9 MAATENE DE L\u2019ANN\u00c9E\">\n\t\t\t\t\t\t\t\t\t  \t<img decoding=\"async\" src=\"https:\/\/maatene.com\/wp-content\/uploads\/2026\/01\/WhatsApp-Image-2026-01-09-at-12.57.42-668x520.jpeg\" alt=\"PERSONNALIT\u00c9 MAATENE DE L\u2019ANN\u00c9E\">\n\t\t\t\t\t\t\t\t  \t<\/a>\n\t\t\t\t\t\t\t  \t<\/div>\n\t\t\t\t\t\t  \t<\/div>\n\t\t\t\t\t\t\n\t\t\t\t\t  \t<div class=\"content\">\n\n\t\t\t\t\t  \t\t<ul class=\"post-meta\">\n\n\t\t\t\t\t\t  \t\t\t\t\t\t\t\t\t\t\t<li class=\"item-meta post-date\">\n\t\t\t\t\t\t\t\t\t  \t<span class=\"left date\">\n\t\t\t\t\t\t\t\t\t\t  \t<i aria-hidden=\"true\" class=\"fas fa-calendar-alt\"><\/i>\n\t\t\t\t\t\t\t\t\t  \t<\/span>\n\t\t\t\t\t\t\t\t\t  \t<span class=\"right date\">\n\t\t\t\t\t\t\t\t\t\t  \t<span class=\"date-jMY\">Jan 9, 2026<\/span>\n\t\t\t\t\t\t\t\t\t  \t<\/span>            \n\t\t\t\t\t\t\t\t  \t<\/li>\n\t\t\t\t\t\t\t\t\n\t\t\t\t\t\t\t\t\n\n\t\t\t\t\t\t\t  \t\n\t\t\t\t\t\t  \t<\/ul>\n\n\t\t\t\t\t\t  \t\t\t\t\t\t\t  \n\t\t\t\t\t\t  \t<h2 class=\"post-title\">\n\t\t\t\t\t\t\t  \t<a href=\"https:\/\/maatene.com\/?p=21633\" rel=\"bookmark\" title=\"PERSONNALIT\u00c9 MAATENE DE L\u2019ANN\u00c9E\">\n\t\t\t\t\t\t\t\t\tPERSONNALIT\u00c9 MAATENE DE L\u2019ANN\u00c9E\t\t\t\t\t\t\t  \t<\/a>\n\t\t\t\t\t\t  \t<\/h2>\n\n\t\t\t\t\t\t  \t\t\n\n\t\t\t\t\t\t<\/div>\n\n\t\t\t\t\t\t\n\t\t\t\t\t  \t\t\t\t\t\t  \t\t<a href=\"https:\/\/maatene.com\/?p=21633\">\t\n\t\t\t\t\t\t\t  \t<div class=\"read-more\">\n\t\t\t\t\t\t\t  \t\t<span class=\"text-button\">\n\t\t\t\t\t\t\t\t\t  \tLire plus\t\t\t\t\t\t\t  \t\t<\/span>\n\t\t\t\t\t\t\t  \t\t<i aria-hidden=\"true\" class=\"gimonticon gimonticon-right\"><\/i>\t\t\t\t\t\t\t  \t<\/div>\n\t\t\t\t\t\t\t<\/a>\n\t\t\t\t\t  \t\t\t\t\t\t  \n\t\t\t\t\t<\/li>\t\n\n\t\t\t  \n\t\t\t\t  \t<li class=\"item\">\n\n\t\t\t\t  \t\t\t\t\t\t\t\t  \t<div class=\"media\">\n\t\t\t\t\t\t\t  \t\n\t\t\t\t\t\t\t  \t<div class=\"box-img\">\n\t\t\t\t\t\t\t  \t\t<a href=\"https:\/\/maatene.com\/?p=21532\" rel=\"bookmark\" title=\"Noaga, la voix du Ruudga : quand la c\u00e9cit\u00e9 ouvre le chemin du destin\">\n\t\t\t\t\t\t\t\t\t  \t<img decoding=\"async\" src=\"https:\/\/maatene.com\/wp-content\/uploads\/2025\/12\/WhatsApp-Image-2025-12-16-at-19.14.30-2-668x520.jpeg\" alt=\"Noaga, la voix du Ruudga : quand la c\u00e9cit\u00e9 ouvre le chemin du destin\">\n\t\t\t\t\t\t\t\t  \t<\/a>\n\t\t\t\t\t\t\t  \t<\/div>\n\t\t\t\t\t\t  \t<\/div>\n\t\t\t\t\t\t\n\t\t\t\t\t  \t<div class=\"content\">\n\n\t\t\t\t\t  \t\t<ul class=\"post-meta\">\n\n\t\t\t\t\t\t  \t\t\t\t\t\t\t\t\t\t\t<li class=\"item-meta post-date\">\n\t\t\t\t\t\t\t\t\t  \t<span class=\"left date\">\n\t\t\t\t\t\t\t\t\t\t  \t<i aria-hidden=\"true\" class=\"fas fa-calendar-alt\"><\/i>\n\t\t\t\t\t\t\t\t\t  \t<\/span>\n\t\t\t\t\t\t\t\t\t  \t<span class=\"right date\">\n\t\t\t\t\t\t\t\t\t\t  \t<span class=\"date-jMY\">D\u00e9c 16, 2025<\/span>\n\t\t\t\t\t\t\t\t\t  \t<\/span>            \n\t\t\t\t\t\t\t\t  \t<\/li>\n\t\t\t\t\t\t\t\t\n\t\t\t\t\t\t\t\t\n\n\t\t\t\t\t\t\t  \t\n\t\t\t\t\t\t  \t<\/ul>\n\n\t\t\t\t\t\t  \t\t\t\t\t\t\t  \n\t\t\t\t\t\t  \t<h2 class=\"post-title\">\n\t\t\t\t\t\t\t  \t<a href=\"https:\/\/maatene.com\/?p=21532\" rel=\"bookmark\" title=\"Noaga, la voix du Ruudga : quand la c\u00e9cit\u00e9 ouvre le chemin du destin\">\n\t\t\t\t\t\t\t\t\tNoaga, la voix du Ruudga : quand la c\u00e9cit\u00e9 ouvre le chemin du destin\t\t\t\t\t\t\t  \t<\/a>\n\t\t\t\t\t\t  \t<\/h2>\n\n\t\t\t\t\t\t  \t\t\n\n\t\t\t\t\t\t<\/div>\n\n\t\t\t\t\t\t\n\t\t\t\t\t  \t\t\t\t\t\t  \t\t<a href=\"https:\/\/maatene.com\/?p=21532\">\t\n\t\t\t\t\t\t\t  \t<div class=\"read-more\">\n\t\t\t\t\t\t\t  \t\t<span class=\"text-button\">\n\t\t\t\t\t\t\t\t\t  \tLire plus\t\t\t\t\t\t\t  \t\t<\/span>\n\t\t\t\t\t\t\t  \t\t<i aria-hidden=\"true\" class=\"gimonticon gimonticon-right\"><\/i>\t\t\t\t\t\t\t  \t<\/div>\n\t\t\t\t\t\t\t<\/a>\n\t\t\t\t\t  \t\t\t\t\t\t  \n\t\t\t\t\t<\/li>\t\n\n\t\t\t  \n\t\t\t<\/ul>\n\n\t\t\t\t\t\t<\/div>\n\t\t\t\t<\/div>\n\t\t\t\t<\/div>\n\t\t\t\t<\/div>\n\t\t","protected":false},"excerpt":{"rendered":"<p>Sep 2, 2025 Le Burkina Faso l\u00e9galise les mariages coutumiers : une avanc\u00e9e historique\u00a0 Lire plus Juil 25, 2025 Deux semaines pour renouer avec nos racines : immersion en langue et danse gourmantch\u00e9 Lire plus Juil 23, 2025 Une nuit culturelle pour c\u00e9l\u00e9brer l\u2019excellence Lire plus Juin 5, 2025 Litt\u00e9rature : Dr Lassina Simpor\u00e9 d\u00e9voile [&hellip;]<\/p>\n","protected":false},"author":4,"featured_media":0,"parent":0,"menu_order":0,"comment_status":"closed","ping_status":"closed","template":"","meta":{"_bbp_topic_count":0,"_bbp_reply_count":0,"_bbp_total_topic_count":0,"_bbp_total_reply_count":0,"_bbp_voice_count":0,"_bbp_anonymous_reply_count":0,"_bbp_topic_count_hidden":0,"_bbp_reply_count_hidden":0,"_bbp_forum_subforum_count":0,"om_disable_all_campaigns":false,"ngg_post_thumbnail":0,"footnotes":""},"class_list":["post-19889","page","type-page","status-publish","hentry"],"aioseo_notices":[],"_links":{"self":[{"href":"https:\/\/maatene.com\/index.php?rest_route=\/wp\/v2\/pages\/19889","targetHints":{"allow":["GET"]}}],"collection":[{"href":"https:\/\/maatene.com\/index.php?rest_route=\/wp\/v2\/pages"}],"about":[{"href":"https:\/\/maatene.com\/index.php?rest_route=\/wp\/v2\/types\/page"}],"author":[{"embeddable":true,"href":"https:\/\/maatene.com\/index.php?rest_route=\/wp\/v2\/users\/4"}],"replies":[{"embeddable":true,"href":"https:\/\/maatene.com\/index.php?rest_route=%2Fwp%2Fv2%2Fcomments&post=19889"}],"version-history":[{"count":13,"href":"https:\/\/maatene.com\/index.php?rest_route=\/wp\/v2\/pages\/19889\/revisions"}],"predecessor-version":[{"id":21047,"href":"https:\/\/maatene.com\/index.php?rest_route=\/wp\/v2\/pages\/19889\/revisions\/21047"}],"wp:attachment":[{"href":"https:\/\/maatene.com\/index.php?rest_route=%2Fwp%2Fv2%2Fmedia&parent=19889"}],"curies":[{"name":"wp","href":"https:\/\/api.w.org\/{rel}","templated":true}]}}