{"id":19737,"date":"2025-03-14T16:28:00","date_gmt":"2025-03-14T16:28:00","guid":{"rendered":"https:\/\/maatene.com\/?page_id=19737"},"modified":"2025-09-16T14:53:56","modified_gmt":"2025-09-16T14:53:56","slug":"epices","status":"publish","type":"page","link":"https:\/\/maatene.com\/?page_id=19737","title":{"rendered":"\u00c9pices"},"content":{"rendered":"\t\t<div data-elementor-type=\"wp-page\" data-elementor-id=\"19737\" class=\"elementor elementor-19737\">\n\t\t\t\t<div class=\"elementor-element elementor-element-bff8626 e-flex e-con-boxed e-con e-parent\" data-id=\"bff8626\" data-element_type=\"container\">\n\t\t\t\t\t<div class=\"e-con-inner\">\n\t\t\t\t<div class=\"elementor-element elementor-element-4167bbd elementor-widget elementor-widget-heading\" data-id=\"4167bbd\" data-element_type=\"widget\" data-widget_type=\"heading.default\">\n\t\t\t\t<div class=\"elementor-widget-container\">\n\t\t\t\t\t<h2 class=\"elementor-heading-title elementor-size-default\">\u00c9pices<\/h2>\t\t\t\t<\/div>\n\t\t\t\t<\/div>\n\t\t\t\t<div class=\"elementor-element elementor-element-e3cc846 elementor-hidden-tablet elementor-hidden-mobile elementor-widget-divider--view-line elementor-widget elementor-widget-divider\" data-id=\"e3cc846\" data-element_type=\"widget\" data-widget_type=\"divider.default\">\n\t\t\t\t<div class=\"elementor-widget-container\">\n\t\t\t\t\t\t\t<div class=\"elementor-divider\">\n\t\t\t<span class=\"elementor-divider-separator\">\n\t\t\t\t\t\t<\/span>\n\t\t<\/div>\n\t\t\t\t\t\t<\/div>\n\t\t\t\t<\/div>\n\t\t\t\t<div class=\"elementor-element elementor-element-00b27b6 elementor-widget elementor-widget-gimont_elementor_blog\" data-id=\"00b27b6\" data-element_type=\"widget\" data-widget_type=\"gimont_elementor_blog.default\">\n\t\t\t\t<div class=\"elementor-widget-container\">\n\t\t\t\t\t\n\t\t\t<ul class=\"ova-blog column_3 version_1 v1_template_1\">\n\n\t\t\t  \t\n\t\t\t\t  \t<li class=\"item\">\n\n\t\t\t\t\t  \t<div class=\"media\">\n\n\t\t\t\t\t\t  \t\n\t\t\t\t\t\t  \t<div class=\"box-img\">\n\t\t\t\t\t\t  \t\t<a href=\"https:\/\/maatene.com\/?p=21132\" rel=\"bookmark\" title=\"Le poids de terre\">\n\t\t\t\t\t\t\t\t  \t<img decoding=\"async\" src=\"https:\/\/maatene.com\/wp-content\/uploads\/2025\/03\/283881.jpeg\" alt=\"Le poids de terre\">\n\t\t\t\t\t\t\t  \t<\/a>\n\t\t\t\t\t\t  \t<\/div>\n\n\t\t\t\t\t\t\t\n\t\t\t\t\t\t\t\n\t\t\t\t\t  \t<\/div>\n\n\t\t\t\t\t  \t<div class=\"content\">\n\t\t\t\t\t\t\t\t\n\t\t\t\t\t\t  \t<ul class=\"post-meta\">\n\n\t\t\t\t\t\t  \t\t\t\t\t\t\t\t\t\t\n\t\t\t\t\t\t\t  \t\n\t\t\t\t\t\t\t  \t\n\t\t\t\t\t\t  \t<\/ul>\n\t\t\t\t\t\t  \n\t\t\t\t\t\t  \t\t\t\t\t\t\t\t  \t<h2 class=\"post-title\">\n\t\t\t\t\t\t\t\t  \t<a href=\"https:\/\/maatene.com\/?p=21132\" rel=\"bookmark\" title=\"Le poids de terre\">\n\t\t\t\t\t\t\t\t\t\tLe poids de terre\t\t\t\t\t\t\t\t  \t<\/a>\n\t\t\t\t\t\t\t  \t<\/h2>\n\t\t\t\t\t\t  \t\n\t\t\t\t\t\t  \t\n\t\t\t\t\t\t  \t\n\t\t\t\t\t\t  \t\t\n\n\t\t\t\t\t\t<\/div>\n\t\t\t\t\t  \n\t\t\t\t\t<\/li>\t\n\n\t\t\t  \n\t\t\t<\/ul>\n\n\t\t\t\t\t\t<\/div>\n\t\t\t\t<\/div>\n\t\t\t\t<div class=\"elementor-element elementor-element-59d9f18 elementor-widget elementor-widget-spacer\" data-id=\"59d9f18\" data-element_type=\"widget\" data-widget_type=\"spacer.default\">\n\t\t\t\t<div class=\"elementor-widget-container\">\n\t\t\t\t\t\t\t<div class=\"elementor-spacer\">\n\t\t\t<div class=\"elementor-spacer-inner\"><\/div>\n\t\t<\/div>\n\t\t\t\t\t\t<\/div>\n\t\t\t\t<\/div>\n\t\t\t\t\t<\/div>\n\t\t\t\t<\/div>\n\t\t\t\t<section class=\"elementor-section elementor-top-section elementor-element elementor-element-c1261fa elementor-section-full_width elementor-section-height-default elementor-section-height-default\" data-id=\"c1261fa\" data-element_type=\"section\">\n\t\t\t\t\t\t<div class=\"elementor-container elementor-column-gap-no\">\n\t\t\t\t\t<div class=\"elementor-column elementor-col-100 elementor-top-column elementor-element elementor-element-4d4b65a\" data-id=\"4d4b65a\" data-element_type=\"column\">\n\t\t\t<div class=\"elementor-widget-wrap elementor-element-populated\">\n\t\t\t\t\t\t<div class=\"elementor-element elementor-element-47bb4d9 elementor-widget elementor-widget-text-editor\" data-id=\"47bb4d9\" data-element_type=\"widget\" data-widget_type=\"text-editor.default\">\n\t\t\t\t<div class=\"elementor-widget-container\">\n\t\t\t\t\t\t\t\t\t<p>La cuisine est bien plus qu\u2019un simple art culinaire, c\u2019est un patrimoine vivant. D\u00e9couvrez nos <strong>recettes traditionnelles<\/strong> \u00e0 travers des textes, photos et vid\u00e9os qui vous plongent au c\u0153ur des saveurs authentiques. Apprenez-en plus sur les i<strong>ngr<\/strong><strong>\u00e9<\/strong><strong>dients locaux<\/strong>, leurs bienfaits et leur r\u00f4le dans l\u2019alimentation de nos anc\u00eatres. Enfin, explorez l\u2019<strong>historique et la symbolique <\/strong>des plats embl\u00e9matiques du Burkina Faso, v\u00e9ritables reflets de notre culture et de nos traditions.\u00a0<\/p>\t\t\t\t\t\t\t\t<\/div>\n\t\t\t\t<\/div>\n\t\t\t\t\t<\/div>\n\t\t<\/div>\n\t\t\t\t\t<\/div>\n\t\t<\/section>\n\t\t\t\t<section class=\"elementor-section elementor-top-section elementor-element elementor-element-4483ed0 elementor-section-full_width elementor-section-height-default elementor-section-height-default\" data-id=\"4483ed0\" data-element_type=\"section\">\n\t\t\t\t\t\t<div class=\"elementor-container elementor-column-gap-default\">\n\t\t\t\t\t<div class=\"elementor-column elementor-col-50 elementor-top-column elementor-element elementor-element-7210036\" data-id=\"7210036\" data-element_type=\"column\">\n\t\t\t<div class=\"elementor-widget-wrap elementor-element-populated\">\n\t\t\t\t\t\t<div class=\"elementor-element elementor-element-f6cb358 elementor-widget elementor-widget-gimont_elementor_icon_box\" data-id=\"f6cb358\" data-element_type=\"widget\" data-widget_type=\"gimont_elementor_icon_box.default\">\n\t\t\t\t<div class=\"elementor-widget-container\">\n\t\t\t\t\t\n\t\t<div class=\"ova-icon-box template_1\">\n\t\t\t<div class=\"icon\">\n\t\t\t\t<svg aria-hidden=\"true\" class=\"e-font-icon-svg e-fas-concierge-bell\" viewBox=\"0 0 512 512\" xmlns=\"http:\/\/www.w3.org\/2000\/svg\"><path d=\"M288 130.54V112h16c8.84 0 16-7.16 16-16V80c0-8.84-7.16-16-16-16h-96c-8.84 0-16 7.16-16 16v16c0 8.84 7.16 16 16 16h16v18.54C115.49 146.11 32 239.18 32 352h448c0-112.82-83.49-205.89-192-221.46zM496 384H16c-8.84 0-16 7.16-16 16v32c0 8.84 7.16 16 16 16h480c8.84 0 16-7.16 16-16v-32c0-8.84-7.16-16-16-16z\"><\/path><\/svg>\t\t\t<\/div>\n\n\t\t\t<div class=\"info\">\n\t\t\t\t\n\t\t\t\t<h3 class=\"title\">Saveurs authentiques<\/h3>\n\n\t\t\t\t\t\t\t\t\t<p class=\"desc\">\n\t\t\t\t\t\tD\u00e9couvrez les recettes traditionnelles du Burkina Faso et plongez dans l\u2019univers des saveurs locales.\t\t\t\t\t<\/p>\n\t\t\t\t\t\t\t<\/div>\n\t\t<\/div>\n\n\t\t\t\t\t\t<\/div>\n\t\t\t\t<\/div>\n\t\t\t\t\t<\/div>\n\t\t<\/div>\n\t\t\t\t<div class=\"elementor-column elementor-col-50 elementor-top-column elementor-element elementor-element-f9bad2f\" data-id=\"f9bad2f\" data-element_type=\"column\">\n\t\t\t<div class=\"elementor-widget-wrap elementor-element-populated\">\n\t\t\t\t\t\t<div class=\"elementor-element elementor-element-b8aa236 elementor-widget elementor-widget-gimont_elementor_icon_box\" data-id=\"b8aa236\" data-element_type=\"widget\" data-widget_type=\"gimont_elementor_icon_box.default\">\n\t\t\t\t<div class=\"elementor-widget-container\">\n\t\t\t\t\t\n\t\t<div class=\"ova-icon-box template_1\">\n\t\t\t<div class=\"icon\">\n\t\t\t\t<svg aria-hidden=\"true\" class=\"e-font-icon-svg e-fas-seedling\" viewBox=\"0 0 512 512\" xmlns=\"http:\/\/www.w3.org\/2000\/svg\"><path d=\"M64 96H0c0 123.7 100.3 224 224 224v144c0 8.8 7.2 16 16 16h32c8.8 0 16-7.2 16-16V320C288 196.3 187.7 96 64 96zm384-64c-84.2 0-157.4 46.5-195.7 115.2 27.7 30.2 48.2 66.9 59 107.6C424 243.1 512 147.9 512 32h-64z\"><\/path><\/svg>\t\t\t<\/div>\n\n\t\t\t<div class=\"info\">\n\t\t\t\t\n\t\t\t\t<h3 class=\"title\">Ingr\u00e9dients locaux<\/h3>\n\n\t\t\t\t\t\t\t\t\t<p class=\"desc\">\n\t\t\t\t\t\tApprenez-en plus sur les bienfaits des ingr\u00e9dients traditionnels et leur r\u00f4le dans l\u2019alimentation ancestrale.\t\t\t\t\t<\/p>\n\t\t\t\t\t\t\t<\/div>\n\t\t<\/div>\n\n\t\t\t\t\t\t<\/div>\n\t\t\t\t<\/div>\n\t\t\t\t\t<\/div>\n\t\t<\/div>\n\t\t\t\t\t<\/div>\n\t\t<\/section>\n\t\t\t\t<section class=\"elementor-section elementor-top-section elementor-element elementor-element-5bbc4b0 elementor-section-content-middle elementor-section-full_width elementor-section-height-default elementor-section-height-default\" data-id=\"5bbc4b0\" data-element_type=\"section\">\n\t\t\t\t\t\t<div class=\"elementor-container elementor-column-gap-no\">\n\t\t\t\t\t<div class=\"elementor-column elementor-col-50 elementor-top-column elementor-element elementor-element-64ae2cb\" data-id=\"64ae2cb\" data-element_type=\"column\">\n\t\t\t<div class=\"elementor-widget-wrap elementor-element-populated\">\n\t\t\t\t\t\t<div class=\"elementor-element elementor-element-cce009e elementor-widget__width-initial elementor-invisible elementor-widget elementor-widget-image\" data-id=\"cce009e\" data-element_type=\"widget\" data-settings=\"{&quot;_animation&quot;:&quot;fadeInLeft&quot;}\" data-widget_type=\"image.default\">\n\t\t\t\t<div class=\"elementor-widget-container\">\n\t\t\t\t\t\t\t\t\t\t\t\t\t\t\t<img fetchpriority=\"high\" decoding=\"async\" width=\"343\" height=\"343\" src=\"https:\/\/maatene.com\/wp-content\/uploads\/2025\/03\/cuisine.jpg\" class=\"attachment-large size-large wp-image-19419\" alt=\"\" srcset=\"https:\/\/maatene.com\/wp-content\/uploads\/2025\/03\/cuisine.jpg 343w, https:\/\/maatene.com\/wp-content\/uploads\/2025\/03\/cuisine-300x300.jpg 300w, https:\/\/maatene.com\/wp-content\/uploads\/2025\/03\/cuisine-150x150.jpg 150w\" sizes=\"(max-width: 343px) 100vw, 343px\" \/>\t\t\t\t\t\t\t\t\t\t\t\t\t\t\t<\/div>\n\t\t\t\t<\/div>\n\t\t\t\t\t<\/div>\n\t\t<\/div>\n\t\t\t\t<div class=\"elementor-column elementor-col-50 elementor-top-column elementor-element elementor-element-d64dd4f\" data-id=\"d64dd4f\" data-element_type=\"column\">\n\t\t\t<div class=\"elementor-widget-wrap elementor-element-populated\">\n\t\t\t\t\t\t<div class=\"elementor-element elementor-element-40e860b elementor-widget elementor-widget-heading\" data-id=\"40e860b\" data-element_type=\"widget\" data-widget_type=\"heading.default\">\n\t\t\t\t<div class=\"elementor-widget-container\">\n\t\t\t\t\t<h2 class=\"elementor-heading-title elementor-size-default\">Conseils<\/h2>\t\t\t\t<\/div>\n\t\t\t\t<\/div>\n\t\t\t\t<div class=\"elementor-element elementor-element-eadee4f elementor-widget elementor-widget-text-editor\" data-id=\"eadee4f\" data-element_type=\"widget\" data-widget_type=\"text-editor.default\">\n\t\t\t\t<div class=\"elementor-widget-container\">\n\t\t\t\t\t\t\t\t\t<p data-start=\"110\" data-end=\"267\"><em>D\u00e9couvrez l\u2019essence de notre gastronomie et apprenez \u00e0 sublimer les saveurs traditionnelles.<\/em><\/p>\t\t\t\t\t\t\t\t<\/div>\n\t\t\t\t<\/div>\n\t\t\t\t<div class=\"elementor-element elementor-element-7875bda elementor-icon-list--layout-traditional elementor-list-item-link-full_width elementor-widget elementor-widget-icon-list\" data-id=\"7875bda\" data-element_type=\"widget\" data-widget_type=\"icon-list.default\">\n\t\t\t\t<div class=\"elementor-widget-container\">\n\t\t\t\t\t\t\t<ul class=\"elementor-icon-list-items\">\n\t\t\t\t\t\t\t<li class=\"elementor-icon-list-item\">\n\t\t\t\t\t\t\t\t\t\t\t<span class=\"elementor-icon-list-icon\">\n\t\t\t\t\t\t\t<svg aria-hidden=\"true\" class=\"e-font-icon-svg e-fas-arrow-alt-circle-right\" viewBox=\"0 0 512 512\" xmlns=\"http:\/\/www.w3.org\/2000\/svg\"><path d=\"M256 8c137 0 248 111 248 248S393 504 256 504 8 393 8 256 119 8 256 8zM140 300h116v70.9c0 10.7 13 16.1 20.5 8.5l114.3-114.9c4.7-4.7 4.7-12.2 0-16.9l-114.3-115c-7.6-7.6-20.5-2.2-20.5 8.5V212H140c-6.6 0-12 5.4-12 12v64c0 6.6 5.4 12 12 12z\"><\/path><\/svg>\t\t\t\t\t\t<\/span>\n\t\t\t\t\t\t\t\t\t\t<span class=\"elementor-icon-list-text\">Variez les \u00e9pices pour r\u00e9v\u00e9ler toutes les saveurs.<\/span>\n\t\t\t\t\t\t\t\t\t<\/li>\n\t\t\t\t\t\t\t\t<li class=\"elementor-icon-list-item\">\n\t\t\t\t\t\t\t\t\t\t\t<span class=\"elementor-icon-list-icon\">\n\t\t\t\t\t\t\t<svg aria-hidden=\"true\" class=\"e-font-icon-svg e-fas-arrow-alt-circle-right\" viewBox=\"0 0 512 512\" xmlns=\"http:\/\/www.w3.org\/2000\/svg\"><path d=\"M256 8c137 0 248 111 248 248S393 504 256 504 8 393 8 256 119 8 256 8zM140 300h116v70.9c0 10.7 13 16.1 20.5 8.5l114.3-114.9c4.7-4.7 4.7-12.2 0-16.9l-114.3-115c-7.6-7.6-20.5-2.2-20.5 8.5V212H140c-6.6 0-12 5.4-12 12v64c0 6.6 5.4 12 12 12z\"><\/path><\/svg>\t\t\t\t\t\t<\/span>\n\t\t\t\t\t\t\t\t\t\t<span class=\"elementor-icon-list-text\">Utilisez des ingr\u00e9dients locaux pour plus d\u2019authenticit\u00e9.<\/span>\n\t\t\t\t\t\t\t\t\t<\/li>\n\t\t\t\t\t\t\t\t<li class=\"elementor-icon-list-item\">\n\t\t\t\t\t\t\t\t\t\t\t<span class=\"elementor-icon-list-icon\">\n\t\t\t\t\t\t\t<svg aria-hidden=\"true\" class=\"e-font-icon-svg e-fas-arrow-alt-circle-right\" viewBox=\"0 0 512 512\" xmlns=\"http:\/\/www.w3.org\/2000\/svg\"><path d=\"M256 8c137 0 248 111 248 248S393 504 256 504 8 393 8 256 119 8 256 8zM140 300h116v70.9c0 10.7 13 16.1 20.5 8.5l114.3-114.9c4.7-4.7 4.7-12.2 0-16.9l-114.3-115c-7.6-7.6-20.5-2.2-20.5 8.5V212H140c-6.6 0-12 5.4-12 12v64c0 6.6 5.4 12 12 12z\"><\/path><\/svg>\t\t\t\t\t\t<\/span>\n\t\t\t\t\t\t\t\t\t\t<span class=\"elementor-icon-list-text\">Faites cuire \u00e0 feu doux pour pr\u00e9server les nutriments.<\/span>\n\t\t\t\t\t\t\t\t\t<\/li>\n\t\t\t\t\t\t\t\t<li class=\"elementor-icon-list-item\">\n\t\t\t\t\t\t\t\t\t\t\t<span class=\"elementor-icon-list-icon\">\n\t\t\t\t\t\t\t<svg aria-hidden=\"true\" class=\"e-font-icon-svg e-fas-arrow-alt-circle-right\" viewBox=\"0 0 512 512\" xmlns=\"http:\/\/www.w3.org\/2000\/svg\"><path d=\"M256 8c137 0 248 111 248 248S393 504 256 504 8 393 8 256 119 8 256 8zM140 300h116v70.9c0 10.7 13 16.1 20.5 8.5l114.3-114.9c4.7-4.7 4.7-12.2 0-16.9l-114.3-115c-7.6-7.6-20.5-2.2-20.5 8.5V212H140c-6.6 0-12 5.4-12 12v64c0 6.6 5.4 12 12 12z\"><\/path><\/svg>\t\t\t\t\t\t<\/span>\n\t\t\t\t\t\t\t\t\t\t<span class=\"elementor-icon-list-text\">Exp\u00e9rimentez avec les recettes en respectant les bases traditionnelles.<\/span>\n\t\t\t\t\t\t\t\t\t<\/li>\n\t\t\t\t\t\t\t\t<li class=\"elementor-icon-list-item\">\n\t\t\t\t\t\t\t\t\t\t\t<span class=\"elementor-icon-list-icon\">\n\t\t\t\t\t\t\t<svg aria-hidden=\"true\" class=\"e-font-icon-svg e-fas-arrow-alt-circle-right\" viewBox=\"0 0 512 512\" xmlns=\"http:\/\/www.w3.org\/2000\/svg\"><path d=\"M256 8c137 0 248 111 248 248S393 504 256 504 8 393 8 256 119 8 256 8zM140 300h116v70.9c0 10.7 13 16.1 20.5 8.5l114.3-114.9c4.7-4.7 4.7-12.2 0-16.9l-114.3-115c-7.6-7.6-20.5-2.2-20.5 8.5V212H140c-6.6 0-12 5.4-12 12v64c0 6.6 5.4 12 12 12z\"><\/path><\/svg>\t\t\t\t\t\t<\/span>\n\t\t\t\t\t\t\t\t\t\t<span class=\"elementor-icon-list-text\">Partagez vos plats en famille pour perp\u00e9tuer la convivialit\u00e9 culinaire.<\/span>\n\t\t\t\t\t\t\t\t\t<\/li>\n\t\t\t\t\t\t<\/ul>\n\t\t\t\t\t\t<\/div>\n\t\t\t\t<\/div>\n\t\t\t\t\t<\/div>\n\t\t<\/div>\n\t\t\t\t\t<\/div>\n\t\t<\/section>\n\t\t\t\t<\/div>\n\t\t","protected":false},"excerpt":{"rendered":"<p>\u00c9pices Le poids de terre La cuisine est bien plus qu\u2019un simple art culinaire, c\u2019est un patrimoine vivant. D\u00e9couvrez nos recettes traditionnelles \u00e0 travers des textes, photos et vid\u00e9os qui vous plongent au c\u0153ur des saveurs authentiques. Apprenez-en plus sur les ingr\u00e9dients locaux, leurs bienfaits et leur r\u00f4le dans l\u2019alimentation de nos anc\u00eatres. Enfin, explorez [&hellip;]<\/p>\n","protected":false},"author":1,"featured_media":0,"parent":0,"menu_order":0,"comment_status":"closed","ping_status":"closed","template":"","meta":{"_bbp_topic_count":0,"_bbp_reply_count":0,"_bbp_total_topic_count":0,"_bbp_total_reply_count":0,"_bbp_voice_count":0,"_bbp_anonymous_reply_count":0,"_bbp_topic_count_hidden":0,"_bbp_reply_count_hidden":0,"_bbp_forum_subforum_count":0,"om_disable_all_campaigns":false,"ngg_post_thumbnail":0,"footnotes":""},"class_list":["post-19737","page","type-page","status-publish","hentry"],"aioseo_notices":[],"_links":{"self":[{"href":"https:\/\/maatene.com\/index.php?rest_route=\/wp\/v2\/pages\/19737","targetHints":{"allow":["GET"]}}],"collection":[{"href":"https:\/\/maatene.com\/index.php?rest_route=\/wp\/v2\/pages"}],"about":[{"href":"https:\/\/maatene.com\/index.php?rest_route=\/wp\/v2\/types\/page"}],"author":[{"embeddable":true,"href":"https:\/\/maatene.com\/index.php?rest_route=\/wp\/v2\/users\/1"}],"replies":[{"embeddable":true,"href":"https:\/\/maatene.com\/index.php?rest_route=%2Fwp%2Fv2%2Fcomments&post=19737"}],"version-history":[{"count":19,"href":"https:\/\/maatene.com\/index.php?rest_route=\/wp\/v2\/pages\/19737\/revisions"}],"predecessor-version":[{"id":21301,"href":"https:\/\/maatene.com\/index.php?rest_route=\/wp\/v2\/pages\/19737\/revisions\/21301"}],"wp:attachment":[{"href":"https:\/\/maatene.com\/index.php?rest_route=%2Fwp%2Fv2%2Fmedia&parent=19737"}],"curies":[{"name":"wp","href":"https:\/\/api.w.org\/{rel}","templated":true}]}}