{"id":19476,"date":"2025-03-06T16:48:28","date_gmt":"2025-03-06T16:48:28","guid":{"rendered":"https:\/\/maatene.com\/?page_id=19476"},"modified":"2025-03-14T15:59:08","modified_gmt":"2025-03-14T15:59:08","slug":"artisans","status":"publish","type":"page","link":"https:\/\/maatene.com\/?page_id=19476","title":{"rendered":"Artisans"},"content":{"rendered":"\t\t<div data-elementor-type=\"wp-page\" data-elementor-id=\"19476\" class=\"elementor elementor-19476\">\n\t\t\t\t\t\t<section class=\"elementor-section elementor-top-section elementor-element elementor-element-2c2f387 elementor-section-boxed elementor-section-height-default elementor-section-height-default\" data-id=\"2c2f387\" data-element_type=\"section\" data-settings=\"{&quot;background_background&quot;:&quot;classic&quot;}\">\n\t\t\t\t\t\t<div class=\"elementor-container elementor-column-gap-default\">\n\t\t\t\t\t<div class=\"elementor-column elementor-col-100 elementor-top-column elementor-element elementor-element-5ef5277\" data-id=\"5ef5277\" data-element_type=\"column\">\n\t\t\t<div class=\"elementor-widget-wrap elementor-element-populated\">\n\t\t\t\t\t\t<div class=\"elementor-element elementor-element-d7cf6b4 elementor-widget elementor-widget-gimont_elementor_heading\" data-id=\"d7cf6b4\" data-element_type=\"widget\" data-widget_type=\"gimont_elementor_heading.default\">\n\t\t\t\t<div class=\"elementor-widget-container\">\n\t\t\t\t\t\n\t\t\t<div class=\"ova-heading template_1\">\n\t\t\t\t\t\t\t\t\t\t\t\t\t\t\t<span class=\"line\"><\/span>\n\t\t\t\t\t\t\t\t\t\t<span class=\"subtitle\">acteurs culturels<\/span>\n\t\t\t\t\t\t\t\t\t\t\t\t\t\n\t\t\t\t\t\t\t\t\t\t\t\t\t\t\t<h2 class=\"title\">Zoom sur nos artisans<\/h2>\n\t\t\t\t\t\t\t\t\t\t\n\t\t\t\t\t\t\t\t\n\t\t\t\t\n\t\t\t<\/div>\n\n\t\t\t\t\t\t<\/div>\n\t\t\t\t<\/div>\n\t\t\t\t<div class=\"elementor-element elementor-element-9457ec3 elementor-widget elementor-widget-ova_team_grid_2\" data-id=\"9457ec3\" data-element_type=\"widget\" data-widget_type=\"ova_team_grid_2.default\">\n\t\t\t\t<div class=\"elementor-widget-container\">\n\t\t\t\t\t\n<div class=\"ova_archive_team archive_team_2 template_2 three_column\">\n\n\t<div class=\"content \">\n\t\t\n\t<div class=\"items elementor-items\">\n\t\t\t\t\t<div class=\"ova-media\">\n\t\t\t\t\t\t\t\t<a href=\"https:\/\/maatene.com\/?team=adjaratou-ouedraogo\" title=\"Adjaratou OUEDRAOGO\">\n\t\t\t\t\t\t\t\t\t<img decoding=\"async\" src=\"https:\/\/maatene.com\/wp-content\/uploads\/2026\/02\/Lors-de-lExpo-au-grand-Palais-Ephemere-2022-\u00a9DR-1-768x895-1.jpg\" alt=\"Lors-de-lExpo-au-grand-Palais-Ephemere-2022-\u00a9DR-1-768&#215;895\">\n\t\t\t\t\t\t\t\t<\/a>\n\t\t\t\t\t\t\t<\/div>\n\t\t\n\t\t<div class=\"ova-info-content\">\n\t\t\t\t\t\t\t\t\t\t\t<a href=\"https:\/\/maatene.com\/?team=adjaratou-ouedraogo\" title=\"Adjaratou OUEDRAOGO\">\n\t\t\t\t\t\t\t\t\t<h3 class=\"name\">\n\t\t\t\t\t\tAdjaratou OUEDRAOGO\t\t\t\t\t<\/h3>\n\t\t\t\t\t\t\t\t<\/a>\n\t\t\t\t\t\t\t\n\t\t\t\t\t\t\t<p class=\"job\">\n\t\t\t\t\tArtiste peintre\t\t\t\t<\/p>\n\t\t\t\t\t<\/div>\n\t<\/div>\n\t<div class=\"items elementor-items\">\n\t\t\t\t\t<div class=\"ova-media\">\n\t\t\t\t\t\t\t\t<a href=\"https:\/\/maatene.com\/?team=kila-2\" title=\"Titinga Fr\u00e9d\u00e9ric PACERE\">\n\t\t\t\t\t\t\t\t\t<img decoding=\"async\" src=\"https:\/\/maatene.com\/wp-content\/uploads\/2026\/02\/Frederic_Titinga_Pacere.jpg\" alt=\"Fre\u0301de\u0301ric_Titinga_Pace\u0301re\u0301\">\n\t\t\t\t\t\t\t\t<\/a>\n\t\t\t\t\t\t\t<\/div>\n\t\t\n\t\t<div class=\"ova-info-content\">\n\t\t\t\t\t\t\t\t\t\t\t<a href=\"https:\/\/maatene.com\/?team=kila-2\" title=\"Titinga Fr\u00e9d\u00e9ric PACERE\">\n\t\t\t\t\t\t\t\t\t<h3 class=\"name\">\n\t\t\t\t\t\tTitinga Fr\u00e9d\u00e9ric PACERE\t\t\t\t\t<\/h3>\n\t\t\t\t\t\t\t\t<\/a>\n\t\t\t\t\t\t\t\n\t\t\t\t\t\t\t<p class=\"job\">\n\t\t\t\t\tActeurs traditionnels\t\t\t\t<\/p>\n\t\t\t\t\t<\/div>\n\t<\/div>\n\t<div class=\"items elementor-items\">\n\t\t\t\t\t<div class=\"ova-media\">\n\t\t\t\t\t\t\t\t<a href=\"https:\/\/maatene.com\/?team=kila\" title=\"Kila\">\n\t\t\t\t\t\t\t\t\t<img decoding=\"async\" src=\"https:\/\/maatene.com\/wp-content\/uploads\/2025\/02\/portrait-man-carnival-1024x1024.jpg\" alt=\"portrait-man-carnival\">\n\t\t\t\t\t\t\t\t<\/a>\n\t\t\t\t\t\t\t<\/div>\n\t\t\n\t\t<div class=\"ova-info-content\">\n\t\t\t\t\t\t\t\t\t\t\t<a href=\"https:\/\/maatene.com\/?team=kila\" title=\"Kila\">\n\t\t\t\t\t\t\t\t\t<h3 class=\"name\">\n\t\t\t\t\t\tKila\t\t\t\t\t<\/h3>\n\t\t\t\t\t\t\t\t<\/a>\n\t\t\t\t\t\t\t\n\t\t\t\t\t\t\t<p class=\"job\">\n\t\t\t\t\tartisan\t\t\t\t<\/p>\n\t\t\t\t\t<\/div>\n\t<\/div>\n\t<div class=\"items elementor-items\">\n\t\t\t\t\t<div class=\"ova-media\">\n\t\t\t\t\t\t\t\t<a href=\"https:\/\/maatene.com\/?team=camel-william-2\" title=\"Pingd\u00e9wind\u00e9 G\u00e9rard KIENTEGA alias KPG\">\n\t\t\t\t\t\t\t\t\t<img decoding=\"async\" src=\"https:\/\/maatene.com\/wp-content\/uploads\/2024\/04\/595050921_1380317347011820_823965327849895898_n.jpg\" alt=\"595050921_1380317347011820_823965327849895898_n\">\n\t\t\t\t\t\t\t\t<\/a>\n\t\t\t\t\t\t\t<\/div>\n\t\t\n\t\t<div class=\"ova-info-content\">\n\t\t\t\t\t\t\t\t\t\t\t<a href=\"https:\/\/maatene.com\/?team=camel-william-2\" title=\"Pingd\u00e9wind\u00e9 G\u00e9rard KIENTEGA alias KPG\">\n\t\t\t\t\t\t\t\t\t<h3 class=\"name\">\n\t\t\t\t\t\tPingd\u00e9wind\u00e9 G\u00e9rard KIENTEGA alias KPG\t\t\t\t\t<\/h3>\n\t\t\t\t\t\t\t\t<\/a>\n\t\t\t\t\t\t\t\n\t\t\t\t\t\t\t<p class=\"job\">\n\t\t\t\t\tActeur traditionnel\t\t\t\t<\/p>\n\t\t\t\t\t<\/div>\n\t<\/div>\n\t<div class=\"items elementor-items\">\n\t\t\t\t\t<div class=\"ova-media\">\n\t\t\t\t\t\t\t\t<a href=\"https:\/\/maatene.com\/?team=leslie-alexan\" title=\"Siriki KY\">\n\t\t\t\t\t\t\t\t\t<img decoding=\"async\" src=\"https:\/\/maatene.com\/wp-content\/uploads\/2026\/02\/2C1363D38E2043329B73BA8F8A1603BD.jpg\" alt=\"2C1363D38E2043329B73BA8F8A1603BD\">\n\t\t\t\t\t\t\t\t<\/a>\n\t\t\t\t\t\t\t<\/div>\n\t\t\n\t\t<div class=\"ova-info-content\">\n\t\t\t\t\t\t\t\t\t\t\t<a href=\"https:\/\/maatene.com\/?team=leslie-alexan\" title=\"Siriki KY\">\n\t\t\t\t\t\t\t\t\t<h3 class=\"name\">\n\t\t\t\t\t\tSiriki KY\t\t\t\t\t<\/h3>\n\t\t\t\t\t\t\t\t<\/a>\n\t\t\t\t\t\t\t\n\t\t\t\t\t\t\t<p class=\"job\">\n\t\t\t\t\tSculpteur\t\t\t\t<\/p>\n\t\t\t\t\t<\/div>\n\t<\/div>\n\t<div class=\"items elementor-items\">\n\t\t\t\t\t<div class=\"ova-media\">\n\t\t\t\t\t\t\t\t<a href=\"https:\/\/maatene.com\/?team=brook-simmon\" title=\"Yacouba TOURE\">\n\t\t\t\t\t\t\t\t\t<img decoding=\"async\" src=\"https:\/\/maatene.com\/wp-content\/uploads\/2024\/04\/yacouba_toure.jpg.webp\" alt=\"yacouba_toure.jpg\">\n\t\t\t\t\t\t\t\t<\/a>\n\t\t\t\t\t\t\t<\/div>\n\t\t\n\t\t<div class=\"ova-info-content\">\n\t\t\t\t\t\t\t\t\t\t\t<a href=\"https:\/\/maatene.com\/?team=brook-simmon\" title=\"Yacouba TOURE\">\n\t\t\t\t\t\t\t\t\t<h3 class=\"name\">\n\t\t\t\t\t\tYacouba TOURE\t\t\t\t\t<\/h3>\n\t\t\t\t\t\t\t\t<\/a>\n\t\t\t\t\t\t\t\n\t\t\t\t\t\t\t<p class=\"job\">\n\t\t\t\t\tSculpteur\t\t\t\t<\/p>\n\t\t\t\t\t<\/div>\n\t<\/div>\t<\/div>\n\n<\/div>\t\t\t\t<\/div>\n\t\t\t\t<\/div>\n\t\t\t\t<div class=\"elementor-element elementor-element-3721d4e elementor-align-center elementor-widget elementor-widget-button\" data-id=\"3721d4e\" data-element_type=\"widget\" data-widget_type=\"button.default\">\n\t\t\t\t<div class=\"elementor-widget-container\">\n\t\t\t\t\t\t\t\t\t<div class=\"elementor-button-wrapper\">\n\t\t\t\t\t<a class=\"elementor-button elementor-button-link elementor-size-sm\" href=\"#\">\n\t\t\t\t\t\t<span class=\"elementor-button-content-wrapper\">\n\t\t\t\t\t\t\t\t\t<span class=\"elementor-button-text\">Voir plus<\/span>\n\t\t\t\t\t<\/span>\n\t\t\t\t\t<\/a>\n\t\t\t\t<\/div>\n\t\t\t\t\t\t\t\t<\/div>\n\t\t\t\t<\/div>\n\t\t\t\t<div class=\"elementor-element elementor-element-9ae55c7 elementor-hidden-tablet elementor-hidden-mobile elementor-widget-divider--view-line elementor-widget elementor-widget-divider\" data-id=\"9ae55c7\" data-element_type=\"widget\" data-widget_type=\"divider.default\">\n\t\t\t\t<div class=\"elementor-widget-container\">\n\t\t\t\t\t\t\t<div class=\"elementor-divider\">\n\t\t\t<span class=\"elementor-divider-separator\">\n\t\t\t\t\t\t<\/span>\n\t\t<\/div>\n\t\t\t\t\t\t<\/div>\n\t\t\t\t<\/div>\n\t\t\t\t\t<\/div>\n\t\t<\/div>\n\t\t\t\t\t<\/div>\n\t\t<\/section>\n\t\t\t\t<\/div>\n\t\t","protected":false},"excerpt":{"rendered":"<p>acteurs culturels Zoom sur nos artisans OUEDRAOGO Acteur SININI Graphiste ILBOUDO Com\u00e9dien TRAORE Sculpteur DIALLO \u00c9leveur NIKIEMA Musicien Voir plus<\/p>\n","protected":false},"author":1,"featured_media":0,"parent":0,"menu_order":0,"comment_status":"closed","ping_status":"closed","template":"","meta":{"_bbp_topic_count":0,"_bbp_reply_count":0,"_bbp_total_topic_count":0,"_bbp_total_reply_count":0,"_bbp_voice_count":0,"_bbp_anonymous_reply_count":0,"_bbp_topic_count_hidden":0,"_bbp_reply_count_hidden":0,"_bbp_forum_subforum_count":0,"om_disable_all_campaigns":false,"ngg_post_thumbnail":0,"footnotes":""},"class_list":["post-19476","page","type-page","status-publish","hentry"],"aioseo_notices":[],"_links":{"self":[{"href":"https:\/\/maatene.com\/index.php?rest_route=\/wp\/v2\/pages\/19476","targetHints":{"allow":["GET"]}}],"collection":[{"href":"https:\/\/maatene.com\/index.php?rest_route=\/wp\/v2\/pages"}],"about":[{"href":"https:\/\/maatene.com\/index.php?rest_route=\/wp\/v2\/types\/page"}],"author":[{"embeddable":true,"href":"https:\/\/maatene.com\/index.php?rest_route=\/wp\/v2\/users\/1"}],"replies":[{"embeddable":true,"href":"https:\/\/maatene.com\/index.php?rest_route=%2Fwp%2Fv2%2Fcomments&post=19476"}],"version-history":[{"count":5,"href":"https:\/\/maatene.com\/index.php?rest_route=\/wp\/v2\/pages\/19476\/revisions"}],"predecessor-version":[{"id":19730,"href":"https:\/\/maatene.com\/index.php?rest_route=\/wp\/v2\/pages\/19476\/revisions\/19730"}],"wp:attachment":[{"href":"https:\/\/maatene.com\/index.php?rest_route=%2Fwp%2Fv2%2Fmedia&parent=19476"}],"curies":[{"name":"wp","href":"https:\/\/api.w.org\/{rel}","templated":true}]}}