{"id":18934,"date":"2025-02-18T10:24:41","date_gmt":"2025-02-18T10:24:41","guid":{"rendered":"https:\/\/maatene.com\/?page_id=18934"},"modified":"2025-09-16T14:21:25","modified_gmt":"2025-09-16T14:21:25","slug":"sante","status":"publish","type":"page","link":"https:\/\/maatene.com\/?page_id=18934","title":{"rendered":"Sant\u00e9"},"content":{"rendered":"\t\t<div data-elementor-type=\"wp-page\" data-elementor-id=\"18934\" class=\"elementor elementor-18934\">\n\t\t\t\t<div class=\"elementor-element elementor-element-e2e13f8 e-flex e-con-boxed e-con e-parent\" data-id=\"e2e13f8\" data-element_type=\"container\">\n\t\t\t\t\t<div class=\"e-con-inner\">\n\t\t\t\t<div class=\"elementor-element elementor-element-561bc73 elementor-widget elementor-widget-heading\" data-id=\"561bc73\" data-element_type=\"widget\" data-widget_type=\"heading.default\">\n\t\t\t\t<div class=\"elementor-widget-container\">\n\t\t\t\t\t<h2 class=\"elementor-heading-title elementor-size-default\">Sant\u00e9<\/h2>\t\t\t\t<\/div>\n\t\t\t\t<\/div>\n\t\t\t\t<div class=\"elementor-element elementor-element-3f04f91 elementor-hidden-tablet elementor-hidden-mobile elementor-widget-divider--view-line elementor-widget elementor-widget-divider\" data-id=\"3f04f91\" data-element_type=\"widget\" data-widget_type=\"divider.default\">\n\t\t\t\t<div class=\"elementor-widget-container\">\n\t\t\t\t\t\t\t<div class=\"elementor-divider\">\n\t\t\t<span class=\"elementor-divider-separator\">\n\t\t\t\t\t\t<\/span>\n\t\t<\/div>\n\t\t\t\t\t\t<\/div>\n\t\t\t\t<\/div>\n\t\t\t\t<div class=\"elementor-element elementor-element-2811a9b elementor-widget elementor-widget-gimont_elementor_blog\" data-id=\"2811a9b\" data-element_type=\"widget\" data-widget_type=\"gimont_elementor_blog.default\">\n\t\t\t\t<div class=\"elementor-widget-container\">\n\t\t\t\t\t\n\t\t\t<ul class=\"ova-blog column_3 version_1 v1_template_1\">\n\n\t\t\t  \t\n\t\t\t\t  \t<li class=\"item\">\n\n\t\t\t\t\t  \t<div class=\"media\">\n\n\t\t\t\t\t\t  \t\n\t\t\t\t\t\t  \t<div class=\"box-img\">\n\t\t\t\t\t\t  \t\t<a href=\"https:\/\/maatene.com\/?p=21674\" rel=\"bookmark\" title=\"Le neem : l\u2019arbre qui soigne et embellit\">\n\t\t\t\t\t\t\t\t  \t<img decoding=\"async\" src=\"https:\/\/maatene.com\/wp-content\/uploads\/2026\/01\/Neem-tree-\ud83c\udf32-image-566x520.jpg\" alt=\"Le neem : l\u2019arbre qui soigne et embellit\">\n\t\t\t\t\t\t\t  \t<\/a>\n\t\t\t\t\t\t  \t<\/div>\n\n\t\t\t\t\t\t\t\n\t\t\t\t\t\t\t\n\t\t\t\t\t  \t<\/div>\n\n\t\t\t\t\t  \t<div class=\"content\">\n\t\t\t\t\t\t\t\t\n\t\t\t\t\t\t  \t<ul class=\"post-meta\">\n\n\t\t\t\t\t\t  \t\t\t\t\t\t\t\t\t\t\n\t\t\t\t\t\t\t  \t\n\t\t\t\t\t\t\t  \t\n\t\t\t\t\t\t  \t<\/ul>\n\t\t\t\t\t\t  \n\t\t\t\t\t\t  \t\t\t\t\t\t\t\t  \t<h2 class=\"post-title\">\n\t\t\t\t\t\t\t\t  \t<a href=\"https:\/\/maatene.com\/?p=21674\" rel=\"bookmark\" title=\"Le neem : l\u2019arbre qui soigne et embellit\">\n\t\t\t\t\t\t\t\t\t\tLe neem : l\u2019arbre qui soigne et embellit\t\t\t\t\t\t\t\t  \t<\/a>\n\t\t\t\t\t\t\t  \t<\/h2>\n\t\t\t\t\t\t  \t\n\t\t\t\t\t\t  \t\n\t\t\t\t\t\t  \t\n\t\t\t\t\t\t  \t\t\n\n\t\t\t\t\t\t<\/div>\n\t\t\t\t\t  \n\t\t\t\t\t<\/li>\t\n\n\t\t\t  \n\t\t\t\t  \t<li class=\"item\">\n\n\t\t\t\t\t  \t<div class=\"media\">\n\n\t\t\t\t\t\t  \t\n\t\t\t\t\t\t  \t<div class=\"box-img\">\n\t\t\t\t\t\t  \t\t<a href=\"https:\/\/maatene.com\/?p=21155\" rel=\"bookmark\" title=\"Clou de girofle et fertilit\u00e9 : un rem\u00e8de ancestral\">\n\t\t\t\t\t\t\t\t  \t<img decoding=\"async\" src=\"https:\/\/maatene.com\/wp-content\/uploads\/2025\/09\/image-26vf-668x520.jpg\" alt=\"Clou de girofle et fertilit\u00e9 : un rem\u00e8de ancestral\">\n\t\t\t\t\t\t\t  \t<\/a>\n\t\t\t\t\t\t  \t<\/div>\n\n\t\t\t\t\t\t\t\n\t\t\t\t\t\t\t\n\t\t\t\t\t  \t<\/div>\n\n\t\t\t\t\t  \t<div class=\"content\">\n\t\t\t\t\t\t\t\t\n\t\t\t\t\t\t  \t<ul class=\"post-meta\">\n\n\t\t\t\t\t\t  \t\t\t\t\t\t\t\t\t\t\n\t\t\t\t\t\t\t  \t\n\t\t\t\t\t\t\t  \t\n\t\t\t\t\t\t  \t<\/ul>\n\t\t\t\t\t\t  \n\t\t\t\t\t\t  \t\t\t\t\t\t\t\t  \t<h2 class=\"post-title\">\n\t\t\t\t\t\t\t\t  \t<a href=\"https:\/\/maatene.com\/?p=21155\" rel=\"bookmark\" title=\"Clou de girofle et fertilit\u00e9 : un rem\u00e8de ancestral\">\n\t\t\t\t\t\t\t\t\t\tClou de girofle et fertilit\u00e9 : un rem\u00e8de ancestral\t\t\t\t\t\t\t\t  \t<\/a>\n\t\t\t\t\t\t\t  \t<\/h2>\n\t\t\t\t\t\t  \t\n\t\t\t\t\t\t  \t\n\t\t\t\t\t\t  \t\n\t\t\t\t\t\t  \t\t\n\n\t\t\t\t\t\t<\/div>\n\t\t\t\t\t  \n\t\t\t\t\t<\/li>\t\n\n\t\t\t  \n\t\t\t\t  \t<li class=\"item\">\n\n\t\t\t\t\t  \t<div class=\"media\">\n\n\t\t\t\t\t\t  \t\n\t\t\t\t\t\t  \t<div class=\"box-img\">\n\t\t\t\t\t\t  \t\t<a href=\"https:\/\/maatene.com\/?p=21152\" rel=\"bookmark\" title=\"Le clou de girofle et la sant\u00e9 bucco-dentaire\">\n\t\t\t\t\t\t\t\t  \t<img decoding=\"async\" src=\"https:\/\/maatene.com\/wp-content\/uploads\/2025\/04\/closeup-clove-texture-1-668x520.jpg\" alt=\"Le clou de girofle et la sant\u00e9 bucco-dentaire\">\n\t\t\t\t\t\t\t  \t<\/a>\n\t\t\t\t\t\t  \t<\/div>\n\n\t\t\t\t\t\t\t\n\t\t\t\t\t\t\t\n\t\t\t\t\t  \t<\/div>\n\n\t\t\t\t\t  \t<div class=\"content\">\n\t\t\t\t\t\t\t\t\n\t\t\t\t\t\t  \t<ul class=\"post-meta\">\n\n\t\t\t\t\t\t  \t\t\t\t\t\t\t\t\t\t\n\t\t\t\t\t\t\t  \t\n\t\t\t\t\t\t\t  \t\n\t\t\t\t\t\t  \t<\/ul>\n\t\t\t\t\t\t  \n\t\t\t\t\t\t  \t\t\t\t\t\t\t\t  \t<h2 class=\"post-title\">\n\t\t\t\t\t\t\t\t  \t<a href=\"https:\/\/maatene.com\/?p=21152\" rel=\"bookmark\" title=\"Le clou de girofle et la sant\u00e9 bucco-dentaire\">\n\t\t\t\t\t\t\t\t\t\tLe clou de girofle et la sant\u00e9 bucco-dentaire\t\t\t\t\t\t\t\t  \t<\/a>\n\t\t\t\t\t\t\t  \t<\/h2>\n\t\t\t\t\t\t  \t\n\t\t\t\t\t\t  \t\n\t\t\t\t\t\t  \t\n\t\t\t\t\t\t  \t\t\n\n\t\t\t\t\t\t<\/div>\n\t\t\t\t\t  \n\t\t\t\t\t<\/li>\t\n\n\t\t\t  \n\t\t\t\t  \t<li class=\"item\">\n\n\t\t\t\t\t  \t<div class=\"media\">\n\n\t\t\t\t\t\t  \t\n\t\t\t\t\t\t  \t<div class=\"box-img\">\n\t\t\t\t\t\t  \t\t<a href=\"https:\/\/maatene.com\/?p=21149\" rel=\"bookmark\" title=\"Le fruit \u00e0 quatre c\u00f4tes : un secret de fertilit\u00e9 ancestral\">\n\t\t\t\t\t\t\t\t  \t<img decoding=\"async\" src=\"https:\/\/maatene.com\/wp-content\/uploads\/2025\/09\/image-25-668x520.png\" alt=\"Le fruit \u00e0 quatre c\u00f4tes : un secret de fertilit\u00e9 ancestral\">\n\t\t\t\t\t\t\t  \t<\/a>\n\t\t\t\t\t\t  \t<\/div>\n\n\t\t\t\t\t\t\t\n\t\t\t\t\t\t\t\n\t\t\t\t\t  \t<\/div>\n\n\t\t\t\t\t  \t<div class=\"content\">\n\t\t\t\t\t\t\t\t\n\t\t\t\t\t\t  \t<ul class=\"post-meta\">\n\n\t\t\t\t\t\t  \t\t\t\t\t\t\t\t\t\t\n\t\t\t\t\t\t\t  \t\n\t\t\t\t\t\t\t  \t\n\t\t\t\t\t\t  \t<\/ul>\n\t\t\t\t\t\t  \n\t\t\t\t\t\t  \t\t\t\t\t\t\t\t  \t<h2 class=\"post-title\">\n\t\t\t\t\t\t\t\t  \t<a href=\"https:\/\/maatene.com\/?p=21149\" rel=\"bookmark\" title=\"Le fruit \u00e0 quatre c\u00f4tes : un secret de fertilit\u00e9 ancestral\">\n\t\t\t\t\t\t\t\t\t\tLe fruit \u00e0 quatre c\u00f4tes : un secret de fertilit\u00e9 ancestral\t\t\t\t\t\t\t\t  \t<\/a>\n\t\t\t\t\t\t\t  \t<\/h2>\n\t\t\t\t\t\t  \t\n\t\t\t\t\t\t  \t\n\t\t\t\t\t\t  \t\n\t\t\t\t\t\t  \t\t\n\n\t\t\t\t\t\t<\/div>\n\t\t\t\t\t  \n\t\t\t\t\t<\/li>\t\n\n\t\t\t  \n\t\t\t\t  \t<li class=\"item\">\n\n\t\t\t\t\t  \t<div class=\"media\">\n\n\t\t\t\t\t\t  \t\n\t\t\t\t\t\t  \t<div class=\"box-img\">\n\t\t\t\t\t\t  \t\t<a href=\"https:\/\/maatene.com\/?p=21146\" rel=\"bookmark\" title=\"Le moringa : l&#8217;arbre aux mille vertus et son usage traditionnel\">\n\t\t\t\t\t\t\t\t  \t<img decoding=\"async\" src=\"https:\/\/maatene.com\/wp-content\/uploads\/2025\/09\/image-24-668x520.png\" alt=\"Le moringa : l&#8217;arbre aux mille vertus et son usage traditionnel\">\n\t\t\t\t\t\t\t  \t<\/a>\n\t\t\t\t\t\t  \t<\/div>\n\n\t\t\t\t\t\t\t\n\t\t\t\t\t\t\t\n\t\t\t\t\t  \t<\/div>\n\n\t\t\t\t\t  \t<div class=\"content\">\n\t\t\t\t\t\t\t\t\n\t\t\t\t\t\t  \t<ul class=\"post-meta\">\n\n\t\t\t\t\t\t  \t\t\t\t\t\t\t\t\t\t\n\t\t\t\t\t\t\t  \t\n\t\t\t\t\t\t\t  \t\n\t\t\t\t\t\t  \t<\/ul>\n\t\t\t\t\t\t  \n\t\t\t\t\t\t  \t\t\t\t\t\t\t\t  \t<h2 class=\"post-title\">\n\t\t\t\t\t\t\t\t  \t<a href=\"https:\/\/maatene.com\/?p=21146\" rel=\"bookmark\" title=\"Le moringa : l&#8217;arbre aux mille vertus et son usage traditionnel\">\n\t\t\t\t\t\t\t\t\t\tLe moringa : l&#8217;arbre aux mille vertus et son usage traditionnel\t\t\t\t\t\t\t\t  \t<\/a>\n\t\t\t\t\t\t\t  \t<\/h2>\n\t\t\t\t\t\t  \t\n\t\t\t\t\t\t  \t\n\t\t\t\t\t\t  \t\n\t\t\t\t\t\t  \t\t\n\n\t\t\t\t\t\t<\/div>\n\t\t\t\t\t  \n\t\t\t\t\t<\/li>\t\n\n\t\t\t  \n\t\t\t\t  \t<li class=\"item\">\n\n\t\t\t\t\t  \t<div class=\"media\">\n\n\t\t\t\t\t\t  \t\n\t\t\t\t\t\t  \t<div class=\"box-img\">\n\t\t\t\t\t\t  \t\t<a href=\"https:\/\/maatene.com\/?p=21140\" rel=\"bookmark\" title=\"Le baobab : l&#8217;arbre de vie et ses bienfaits\">\n\t\t\t\t\t\t\t\t  \t<img decoding=\"async\" src=\"https:\/\/maatene.com\/wp-content\/uploads\/2025\/04\/baobab-b.avif\" alt=\"Le baobab : l&#8217;arbre de vie et ses bienfaits\">\n\t\t\t\t\t\t\t  \t<\/a>\n\t\t\t\t\t\t  \t<\/div>\n\n\t\t\t\t\t\t\t\n\t\t\t\t\t\t\t\n\t\t\t\t\t  \t<\/div>\n\n\t\t\t\t\t  \t<div class=\"content\">\n\t\t\t\t\t\t\t\t\n\t\t\t\t\t\t  \t<ul class=\"post-meta\">\n\n\t\t\t\t\t\t  \t\t\t\t\t\t\t\t\t\t\n\t\t\t\t\t\t\t  \t\n\t\t\t\t\t\t\t  \t\n\t\t\t\t\t\t  \t<\/ul>\n\t\t\t\t\t\t  \n\t\t\t\t\t\t  \t\t\t\t\t\t\t\t  \t<h2 class=\"post-title\">\n\t\t\t\t\t\t\t\t  \t<a href=\"https:\/\/maatene.com\/?p=21140\" rel=\"bookmark\" title=\"Le baobab : l&#8217;arbre de vie et ses bienfaits\">\n\t\t\t\t\t\t\t\t\t\tLe baobab : l&#8217;arbre de vie et ses bienfaits\t\t\t\t\t\t\t\t  \t<\/a>\n\t\t\t\t\t\t\t  \t<\/h2>\n\t\t\t\t\t\t  \t\n\t\t\t\t\t\t  \t\n\t\t\t\t\t\t  \t\n\t\t\t\t\t\t  \t\t\n\n\t\t\t\t\t\t<\/div>\n\t\t\t\t\t  \n\t\t\t\t\t<\/li>\t\n\n\t\t\t  \n\t\t\t\t  \t<li class=\"item\">\n\n\t\t\t\t\t  \t<div class=\"media\">\n\n\t\t\t\t\t\t  \t\n\t\t\t\t\t\t  \t<div class=\"box-img\">\n\t\t\t\t\t\t  \t\t<a href=\"https:\/\/maatene.com\/?p=20916\" rel=\"bookmark\" title=\"Le moringa : l&#8217;arbre aux mille vertus et son usage traditionnel\">\n\t\t\t\t\t\t\t\t  \t<img decoding=\"async\" src=\"https:\/\/maatene.com\/wp-content\/uploads\/2025\/04\/moringa-668x520.jpg\" alt=\"Le moringa : l&#8217;arbre aux mille vertus et son usage traditionnel\">\n\t\t\t\t\t\t\t  \t<\/a>\n\t\t\t\t\t\t  \t<\/div>\n\n\t\t\t\t\t\t\t\n\t\t\t\t\t\t\t\n\t\t\t\t\t  \t<\/div>\n\n\t\t\t\t\t  \t<div class=\"content\">\n\t\t\t\t\t\t\t\t\n\t\t\t\t\t\t  \t<ul class=\"post-meta\">\n\n\t\t\t\t\t\t  \t\t\t\t\t\t\t\t\t\t\n\t\t\t\t\t\t\t  \t\n\t\t\t\t\t\t\t  \t\n\t\t\t\t\t\t  \t<\/ul>\n\t\t\t\t\t\t  \n\t\t\t\t\t\t  \t\t\t\t\t\t\t\t  \t<h2 class=\"post-title\">\n\t\t\t\t\t\t\t\t  \t<a href=\"https:\/\/maatene.com\/?p=20916\" rel=\"bookmark\" title=\"Le moringa : l&#8217;arbre aux mille vertus et son usage traditionnel\">\n\t\t\t\t\t\t\t\t\t\tLe moringa : l&#8217;arbre aux mille vertus et son usage traditionnel\t\t\t\t\t\t\t\t  \t<\/a>\n\t\t\t\t\t\t\t  \t<\/h2>\n\t\t\t\t\t\t  \t\n\t\t\t\t\t\t  \t\n\t\t\t\t\t\t  \t\n\t\t\t\t\t\t  \t\t\n\n\t\t\t\t\t\t<\/div>\n\t\t\t\t\t  \n\t\t\t\t\t<\/li>\t\n\n\t\t\t  \n\t\t\t<\/ul>\n\n\t\t\t\t\t\t<\/div>\n\t\t\t\t<\/div>\n\t\t\t\t<div class=\"elementor-element elementor-element-a980d92 elementor-widget elementor-widget-spacer\" data-id=\"a980d92\" data-element_type=\"widget\" data-widget_type=\"spacer.default\">\n\t\t\t\t<div class=\"elementor-widget-container\">\n\t\t\t\t\t\t\t<div class=\"elementor-spacer\">\n\t\t\t<div class=\"elementor-spacer-inner\"><\/div>\n\t\t<\/div>\n\t\t\t\t\t\t<\/div>\n\t\t\t\t<\/div>\n\t\t\t\t\t<\/div>\n\t\t\t\t<\/div>\n\t\t\t\t<section class=\"elementor-section elementor-top-section elementor-element elementor-element-b64527c elementor-section-full_width elementor-section-height-default elementor-section-height-default\" data-id=\"b64527c\" data-element_type=\"section\">\n\t\t\t\t\t\t<div class=\"elementor-container elementor-column-gap-no\">\n\t\t\t\t\t<div class=\"elementor-column elementor-col-100 elementor-top-column elementor-element elementor-element-e60d43a\" data-id=\"e60d43a\" data-element_type=\"column\">\n\t\t\t<div class=\"elementor-widget-wrap elementor-element-populated\">\n\t\t\t\t\t\t<div class=\"elementor-element elementor-element-d0d9470 elementor-widget elementor-widget-text-editor\" data-id=\"d0d9470\" data-element_type=\"widget\" data-widget_type=\"text-editor.default\">\n\t\t\t\t<div class=\"elementor-widget-container\">\n\t\t\t\t\t\t\t\t\t<p>M\u00e9decine traditionnelle et bien-\u00eatre ancestral\u00a0: Un regard authentique sur la sagesse de nos anc\u00eatres pour un bien-\u00eatre durable !<\/p><p>Depuis des g\u00e9n\u00e9rations, la m\u00e9decine traditionnelle soigne et pr\u00e9serve nos communaut\u00e9s. D\u00e9couvrez les <strong>plantes m<\/strong><strong>\u00e9<\/strong><strong>dicinales<\/strong> et le savoir-faire des <strong>tradipraticiens,<\/strong> h\u00e9ritiers d\u2019une science transmise de bouche \u00e0 oreille. Profitez de <strong>conseils sant<\/strong><strong>\u00e9<\/strong> inspir\u00e9s des rem\u00e8des et pratiques locales. Enfin, explorez l\u2019<strong>int<\/strong><strong>\u00e9<\/strong><strong>gration de la m<\/strong><strong>\u00e9<\/strong><strong>decine traditionnelle<\/strong> dans les syst\u00e8mes de sant\u00e9 modernes, un pont entre h\u00e9ritage et innovation.\u00a0<\/p>\t\t\t\t\t\t\t\t<\/div>\n\t\t\t\t<\/div>\n\t\t\t\t\t<\/div>\n\t\t<\/div>\n\t\t\t\t\t<\/div>\n\t\t<\/section>\n\t\t\t\t<section class=\"elementor-section elementor-top-section elementor-element elementor-element-0175e01 elementor-section-full_width elementor-section-height-default elementor-section-height-default\" data-id=\"0175e01\" data-element_type=\"section\">\n\t\t\t\t\t\t<div class=\"elementor-container elementor-column-gap-default\">\n\t\t\t\t\t<div class=\"elementor-column elementor-col-50 elementor-top-column elementor-element elementor-element-86ee364\" data-id=\"86ee364\" data-element_type=\"column\">\n\t\t\t<div class=\"elementor-widget-wrap elementor-element-populated\">\n\t\t\t\t\t\t<div class=\"elementor-element elementor-element-9206842 elementor-widget elementor-widget-gimont_elementor_icon_box\" data-id=\"9206842\" data-element_type=\"widget\" data-widget_type=\"gimont_elementor_icon_box.default\">\n\t\t\t\t<div class=\"elementor-widget-container\">\n\t\t\t\t\t\n\t\t<div class=\"ova-icon-box template_1\">\n\t\t\t<div class=\"icon\">\n\t\t\t\t<svg aria-hidden=\"true\" class=\"e-font-icon-svg e-fas-hand-holding-medical\" viewBox=\"0 0 576 512\" xmlns=\"http:\/\/www.w3.org\/2000\/svg\"><path d=\"M159.88,175.82h64v64a16,16,0,0,0,16,16h64a16,16,0,0,0,16-16v-64h64a16,16,0,0,0,16-16v-64a16,16,0,0,0-16-16h-64v-64a16,16,0,0,0-16-16h-64a16,16,0,0,0-16,16v64h-64a16,16,0,0,0-16,16v64A16,16,0,0,0,159.88,175.82ZM568.07,336.13a39.91,39.91,0,0,0-55.93-8.47L392.47,415.84H271.86a16,16,0,0,1,0-32H350.1c16,0,30.75-10.87,33.37-26.61a32.06,32.06,0,0,0-31.62-37.38h-160a117.7,117.7,0,0,0-74.12,26.25l-46.5,37.74H15.87a16.11,16.11,0,0,0-16,16v96a16.11,16.11,0,0,0,16,16h347a104.8,104.8,0,0,0,61.7-20.27L559.6,392A40,40,0,0,0,568.07,336.13Z\"><\/path><\/svg>\t\t\t<\/div>\n\n\t\t\t<div class=\"info\">\n\t\t\t\t\n\t\t\t\t<h3 class=\"title\">M\u00e9decine traditionnelle<\/h3>\n\n\t\t\t\t\t\t\t\t\t<p class=\"desc\">\n\t\t\t\t\t\tExplorez les plantes m\u00e9dicinales et les savoirs des tradipraticiens burkinab\u00e8.\t\t\t\t\t<\/p>\n\t\t\t\t\t\t\t<\/div>\n\t\t<\/div>\n\n\t\t\t\t\t\t<\/div>\n\t\t\t\t<\/div>\n\t\t\t\t\t<\/div>\n\t\t<\/div>\n\t\t\t\t<div class=\"elementor-column elementor-col-50 elementor-top-column elementor-element elementor-element-2f22447\" data-id=\"2f22447\" data-element_type=\"column\">\n\t\t\t<div class=\"elementor-widget-wrap elementor-element-populated\">\n\t\t\t\t\t\t<div class=\"elementor-element elementor-element-d40b8ad elementor-widget elementor-widget-gimont_elementor_icon_box\" data-id=\"d40b8ad\" data-element_type=\"widget\" data-widget_type=\"gimont_elementor_icon_box.default\">\n\t\t\t\t<div class=\"elementor-widget-container\">\n\t\t\t\t\t\n\t\t<div class=\"ova-icon-box template_1\">\n\t\t\t<div class=\"icon\">\n\t\t\t\t<svg aria-hidden=\"true\" class=\"e-font-icon-svg e-fas-seedling\" viewBox=\"0 0 512 512\" xmlns=\"http:\/\/www.w3.org\/2000\/svg\"><path d=\"M64 96H0c0 123.7 100.3 224 224 224v144c0 8.8 7.2 16 16 16h32c8.8 0 16-7.2 16-16V320C288 196.3 187.7 96 64 96zm384-64c-84.2 0-157.4 46.5-195.7 115.2 27.7 30.2 48.2 66.9 59 107.6C424 243.1 512 147.9 512 32h-64z\"><\/path><\/svg>\t\t\t<\/div>\n\n\t\t\t<div class=\"info\">\n\t\t\t\t\n\t\t\t\t<h3 class=\"title\">Bien-\u00eatre et pratiques locales<\/h3>\n\n\t\t\t\t\t\t\t\t\t<p class=\"desc\">\n\t\t\t\t\t\tAdoptez des conseils sant\u00e9 inspir\u00e9s des rem\u00e8des ancestraux pour une meilleure qualit\u00e9 de vie.\t\t\t\t\t<\/p>\n\t\t\t\t\t\t\t<\/div>\n\t\t<\/div>\n\n\t\t\t\t\t\t<\/div>\n\t\t\t\t<\/div>\n\t\t\t\t\t<\/div>\n\t\t<\/div>\n\t\t\t\t\t<\/div>\n\t\t<\/section>\n\t\t\t\t<section class=\"elementor-section elementor-top-section elementor-element elementor-element-258f63e elementor-section-content-middle elementor-section-full_width elementor-section-height-default elementor-section-height-default\" data-id=\"258f63e\" data-element_type=\"section\">\n\t\t\t\t\t\t<div class=\"elementor-container elementor-column-gap-no\">\n\t\t\t\t\t<div class=\"elementor-column elementor-col-50 elementor-top-column elementor-element elementor-element-54d673e\" data-id=\"54d673e\" data-element_type=\"column\">\n\t\t\t<div class=\"elementor-widget-wrap elementor-element-populated\">\n\t\t\t\t\t\t<div class=\"elementor-element elementor-element-ff4da91 elementor-widget__width-initial elementor-invisible elementor-widget elementor-widget-image\" data-id=\"ff4da91\" data-element_type=\"widget\" data-settings=\"{&quot;_animation&quot;:&quot;fadeInLeft&quot;}\" data-widget_type=\"image.default\">\n\t\t\t\t<div class=\"elementor-widget-container\">\n\t\t\t\t\t\t\t\t\t\t\t\t\t\t\t<img fetchpriority=\"high\" decoding=\"async\" width=\"343\" height=\"343\" src=\"https:\/\/maatene.com\/wp-content\/uploads\/2025\/03\/sante.jpg\" class=\"attachment-large size-large wp-image-19420\" alt=\"\" srcset=\"https:\/\/maatene.com\/wp-content\/uploads\/2025\/03\/sante.jpg 343w, https:\/\/maatene.com\/wp-content\/uploads\/2025\/03\/sante-300x300.jpg 300w, https:\/\/maatene.com\/wp-content\/uploads\/2025\/03\/sante-150x150.jpg 150w\" sizes=\"(max-width: 343px) 100vw, 343px\" \/>\t\t\t\t\t\t\t\t\t\t\t\t\t\t\t<\/div>\n\t\t\t\t<\/div>\n\t\t\t\t\t<\/div>\n\t\t<\/div>\n\t\t\t\t<div class=\"elementor-column elementor-col-50 elementor-top-column elementor-element elementor-element-05f4735\" data-id=\"05f4735\" data-element_type=\"column\">\n\t\t\t<div class=\"elementor-widget-wrap elementor-element-populated\">\n\t\t\t\t\t\t<div class=\"elementor-element elementor-element-108213d elementor-widget elementor-widget-heading\" data-id=\"108213d\" data-element_type=\"widget\" data-widget_type=\"heading.default\">\n\t\t\t\t<div class=\"elementor-widget-container\">\n\t\t\t\t\t<h2 class=\"elementor-heading-title elementor-size-default\">Conseils<\/h2>\t\t\t\t<\/div>\n\t\t\t\t<\/div>\n\t\t\t\t<div class=\"elementor-element elementor-element-8abfad3 elementor-widget elementor-widget-text-editor\" data-id=\"8abfad3\" data-element_type=\"widget\" data-widget_type=\"text-editor.default\">\n\t\t\t\t<div class=\"elementor-widget-container\">\n\t\t\t\t\t\t\t\t\t<p data-start=\"110\" data-end=\"267\"><em>Red\u00e9couvrez les rem\u00e8des et pratiques ancestrales pour une sant\u00e9 \u00e9quilibr\u00e9e et naturelle.<\/em><\/p>\t\t\t\t\t\t\t\t<\/div>\n\t\t\t\t<\/div>\n\t\t\t\t<div class=\"elementor-element elementor-element-b4c1805 elementor-icon-list--layout-traditional elementor-list-item-link-full_width elementor-widget elementor-widget-icon-list\" data-id=\"b4c1805\" data-element_type=\"widget\" data-widget_type=\"icon-list.default\">\n\t\t\t\t<div class=\"elementor-widget-container\">\n\t\t\t\t\t\t\t<ul class=\"elementor-icon-list-items\">\n\t\t\t\t\t\t\t<li class=\"elementor-icon-list-item\">\n\t\t\t\t\t\t\t\t\t\t\t<span class=\"elementor-icon-list-icon\">\n\t\t\t\t\t\t\t<svg aria-hidden=\"true\" class=\"e-font-icon-svg e-fas-arrow-alt-circle-right\" viewBox=\"0 0 512 512\" xmlns=\"http:\/\/www.w3.org\/2000\/svg\"><path d=\"M256 8c137 0 248 111 248 248S393 504 256 504 8 393 8 256 119 8 256 8zM140 300h116v70.9c0 10.7 13 16.1 20.5 8.5l114.3-114.9c4.7-4.7 4.7-12.2 0-16.9l-114.3-115c-7.6-7.6-20.5-2.2-20.5 8.5V212H140c-6.6 0-12 5.4-12 12v64c0 6.6 5.4 12 12 12z\"><\/path><\/svg>\t\t\t\t\t\t<\/span>\n\t\t\t\t\t\t\t\t\t\t<span class=\"elementor-icon-list-text\">Privil\u00e9giez les rem\u00e8des naturels pour les petits maux du quotidien.<\/span>\n\t\t\t\t\t\t\t\t\t<\/li>\n\t\t\t\t\t\t\t\t<li class=\"elementor-icon-list-item\">\n\t\t\t\t\t\t\t\t\t\t\t<span class=\"elementor-icon-list-icon\">\n\t\t\t\t\t\t\t<svg aria-hidden=\"true\" class=\"e-font-icon-svg e-fas-arrow-alt-circle-right\" viewBox=\"0 0 512 512\" xmlns=\"http:\/\/www.w3.org\/2000\/svg\"><path d=\"M256 8c137 0 248 111 248 248S393 504 256 504 8 393 8 256 119 8 256 8zM140 300h116v70.9c0 10.7 13 16.1 20.5 8.5l114.3-114.9c4.7-4.7 4.7-12.2 0-16.9l-114.3-115c-7.6-7.6-20.5-2.2-20.5 8.5V212H140c-6.6 0-12 5.4-12 12v64c0 6.6 5.4 12 12 12z\"><\/path><\/svg>\t\t\t\t\t\t<\/span>\n\t\t\t\t\t\t\t\t\t\t<span class=\"elementor-icon-list-text\">Consultez un tradipraticien reconnu avant d\u2019utiliser des plantes m\u00e9dicinales.<\/span>\n\t\t\t\t\t\t\t\t\t<\/li>\n\t\t\t\t\t\t\t\t<li class=\"elementor-icon-list-item\">\n\t\t\t\t\t\t\t\t\t\t\t<span class=\"elementor-icon-list-icon\">\n\t\t\t\t\t\t\t<svg aria-hidden=\"true\" class=\"e-font-icon-svg e-fas-arrow-alt-circle-right\" viewBox=\"0 0 512 512\" xmlns=\"http:\/\/www.w3.org\/2000\/svg\"><path d=\"M256 8c137 0 248 111 248 248S393 504 256 504 8 393 8 256 119 8 256 8zM140 300h116v70.9c0 10.7 13 16.1 20.5 8.5l114.3-114.9c4.7-4.7 4.7-12.2 0-16.9l-114.3-115c-7.6-7.6-20.5-2.2-20.5 8.5V212H140c-6.6 0-12 5.4-12 12v64c0 6.6 5.4 12 12 12z\"><\/path><\/svg>\t\t\t\t\t\t<\/span>\n\t\t\t\t\t\t\t\t\t\t<span class=\"elementor-icon-list-text\">Combinez m\u00e9decine traditionnelle et moderne pour un meilleur suivi de sant\u00e9.<\/span>\n\t\t\t\t\t\t\t\t\t<\/li>\n\t\t\t\t\t\t\t\t<li class=\"elementor-icon-list-item\">\n\t\t\t\t\t\t\t\t\t\t\t<span class=\"elementor-icon-list-icon\">\n\t\t\t\t\t\t\t<svg aria-hidden=\"true\" class=\"e-font-icon-svg e-fas-arrow-alt-circle-right\" viewBox=\"0 0 512 512\" xmlns=\"http:\/\/www.w3.org\/2000\/svg\"><path d=\"M256 8c137 0 248 111 248 248S393 504 256 504 8 393 8 256 119 8 256 8zM140 300h116v70.9c0 10.7 13 16.1 20.5 8.5l114.3-114.9c4.7-4.7 4.7-12.2 0-16.9l-114.3-115c-7.6-7.6-20.5-2.2-20.5 8.5V212H140c-6.6 0-12 5.4-12 12v64c0 6.6 5.4 12 12 12z\"><\/path><\/svg>\t\t\t\t\t\t<\/span>\n\t\t\t\t\t\t\t\t\t\t<span class=\"elementor-icon-list-text\">Buvez r\u00e9guli\u00e8rement des infusions \u00e0 base de plantes locales.<\/span>\n\t\t\t\t\t\t\t\t\t<\/li>\n\t\t\t\t\t\t\t\t<li class=\"elementor-icon-list-item\">\n\t\t\t\t\t\t\t\t\t\t\t<span class=\"elementor-icon-list-icon\">\n\t\t\t\t\t\t\t<svg aria-hidden=\"true\" class=\"e-font-icon-svg e-fas-arrow-alt-circle-right\" viewBox=\"0 0 512 512\" xmlns=\"http:\/\/www.w3.org\/2000\/svg\"><path d=\"M256 8c137 0 248 111 248 248S393 504 256 504 8 393 8 256 119 8 256 8zM140 300h116v70.9c0 10.7 13 16.1 20.5 8.5l114.3-114.9c4.7-4.7 4.7-12.2 0-16.9l-114.3-115c-7.6-7.6-20.5-2.2-20.5 8.5V212H140c-6.6 0-12 5.4-12 12v64c0 6.6 5.4 12 12 12z\"><\/path><\/svg>\t\t\t\t\t\t<\/span>\n\t\t\t\t\t\t\t\t\t\t<span class=\"elementor-icon-list-text\">\u00c9vitez l\u2019autom\u00e9dication et renseignez-vous sur les dosages adapt\u00e9s.<\/span>\n\t\t\t\t\t\t\t\t\t<\/li>\n\t\t\t\t\t\t<\/ul>\n\t\t\t\t\t\t<\/div>\n\t\t\t\t<\/div>\n\t\t\t\t\t<\/div>\n\t\t<\/div>\n\t\t\t\t\t<\/div>\n\t\t<\/section>\n\t\t\t\t<\/div>\n\t\t","protected":false},"excerpt":{"rendered":"<p>Sant\u00e9 Clou de girofle et fertilit\u00e9 : un rem\u00e8de ancestral Le clou de girofle et la sant\u00e9 bucco-dentaire Le fruit \u00e0 quatre c\u00f4tes : un secret de fertilit\u00e9 ancestral Le moringa : l&#8217;arbre aux mille vertus et son usage traditionnel Le baobab : l&#8217;arbre de vie et ses bienfaits Le moringa : l&#8217;arbre aux mille [&hellip;]<\/p>\n","protected":false},"author":1,"featured_media":0,"parent":0,"menu_order":0,"comment_status":"closed","ping_status":"closed","template":"","meta":{"_bbp_topic_count":0,"_bbp_reply_count":0,"_bbp_total_topic_count":0,"_bbp_total_reply_count":0,"_bbp_voice_count":0,"_bbp_anonymous_reply_count":0,"_bbp_topic_count_hidden":0,"_bbp_reply_count_hidden":0,"_bbp_forum_subforum_count":0,"om_disable_all_campaigns":false,"ngg_post_thumbnail":0,"footnotes":""},"class_list":["post-18934","page","type-page","status-publish","hentry"],"aioseo_notices":[],"_links":{"self":[{"href":"https:\/\/maatene.com\/index.php?rest_route=\/wp\/v2\/pages\/18934","targetHints":{"allow":["GET"]}}],"collection":[{"href":"https:\/\/maatene.com\/index.php?rest_route=\/wp\/v2\/pages"}],"about":[{"href":"https:\/\/maatene.com\/index.php?rest_route=\/wp\/v2\/types\/page"}],"author":[{"embeddable":true,"href":"https:\/\/maatene.com\/index.php?rest_route=\/wp\/v2\/users\/1"}],"replies":[{"embeddable":true,"href":"https:\/\/maatene.com\/index.php?rest_route=%2Fwp%2Fv2%2Fcomments&post=18934"}],"version-history":[{"count":25,"href":"https:\/\/maatene.com\/index.php?rest_route=\/wp\/v2\/pages\/18934\/revisions"}],"predecessor-version":[{"id":21275,"href":"https:\/\/maatene.com\/index.php?rest_route=\/wp\/v2\/pages\/18934\/revisions\/21275"}],"wp:attachment":[{"href":"https:\/\/maatene.com\/index.php?rest_route=%2Fwp%2Fv2%2Fmedia&parent=18934"}],"curies":[{"name":"wp","href":"https:\/\/api.w.org\/{rel}","templated":true}]}}